{"id":7010,"date":"2025-07-18T07:12:25","date_gmt":"2025-07-18T07:12:25","guid":{"rendered":"https:\/\/fxoroglobal.com\/tr\/?page_id=7010"},"modified":"2025-07-28T15:43:18","modified_gmt":"2025-07-28T15:43:18","slug":"kampanya-sartlari","status":"publish","type":"page","link":"https:\/\/fxoroglobal.com\/tr\/kampanya-sartlari\/","title":{"rendered":"Kampanya \u015eartlar\u0131"},"content":{"rendered":"<div class=\"xxl-box\">\n<p class=\"mt-0\">\n    Bir i\u015flem bonusu talep etmeden \u00f6nce l\u00fctfen a\u015fa\u011f\u0131daki ge\u00e7erli \u015fartlar\u0131 okudu\u011funuzdan emin olun:\n  <\/p>\n<ul class=\"list-style-big-bullets list-style-type-disc\">\n<li>Kampanyalar, onaylanm\u0131\u015f t\u00fcm hesap sahipleri i\u00e7in ge\u00e7erlidir; bu nedenle FXORO Global&#8217;de bir hesab\u0131n\u0131z\u0131n kay\u0131tl\u0131 oldu\u011fundan emin olun.<\/li>\n<li>\u0130\u015flem bonusu yaln\u0131zca i\u015flem amac\u0131yla verilir ve \u00e7ekilemez veya ba\u015fka bir hesaba aktar\u0131lamaz.<\/li>\n<li>M\u00fc\u015fterinin i\u015flem hesab\u0131 hareketsiz hale gelirse, verilen i\u015flem bonusu Uygun M\u00fc\u015fterinin hesab\u0131ndan iptal edilir.<\/li>\n<li>Baz\u0131 promosyon teklifleri belirli ko\u015fullara sahiptir. Bu nedenle, teklifi talep etmeden \u00f6nce l\u00fctfen her Promosyonun ko\u015fullar\u0131n\u0131 okudu\u011funuzdan emin olun.<\/li>\n<li>Bir i\u015flem bonusu talep etmek i\u00e7in a\u015fa\u011f\u0131daki para yat\u0131rma gereksinimleri ge\u00e7erlidir: minimum 100 EUR (veya i\u015flem hesab\u0131n\u0131n temel para birimi), maksimum 10.000 EUR (veya i\u015flem hesab\u0131n\u0131n temel para birimi).<\/li>\n<li>Her m\u00fc\u015fteri, ayn\u0131 anda hesap ba\u015f\u0131na yaln\u0131zca bir kampanyaya kat\u0131lma hakk\u0131na sahiptir. Bu durum, FXORO Global&#8217;in ayn\u0131 anda birden fazla kampanya y\u00fcr\u00fctmesi halinde ge\u00e7erlidir.<\/li>\n<li>FXORO Global, k\u00f6t\u00fcye kullan\u0131m veya suistimal \u015f\u00fcphesi durumunda herhangi bir M\u00fc\u015fteriyi (kat\u0131l\u0131mc\u0131y\u0131) diskalifiye etme hakk\u0131n\u0131 sakl\u0131 tutar.<\/li>\n<li>FXORO Global, bu Promosyonun \u015eartlar\u0131n\u0131 de\u011fi\u015ftirme \/ g\u00fcncelleme veya herhangi bir maddeyi ve\/veya t\u00fcm Promosyonu iptal etme hakk\u0131n\u0131 sakl\u0131 tutar.<\/li>\n<\/ul>\n<\/div>\n","protected":false},"excerpt":{"rendered":"<p>Bir i\u015flem bonusu talep etmeden \u00f6nce l\u00fctfen a\u015fa\u011f\u0131daki ge\u00e7erli \u015fartlar\u0131 okudu\u011funuzdan emin olun: Kampanyalar, onaylanm\u0131\u015f t\u00fcm hesap sahipleri i\u00e7in ge\u00e7erlidir; bu nedenle FXORO Global&#8217;de bir hesab\u0131n\u0131z\u0131n kay\u0131tl\u0131 oldu\u011fundan emin olun. \u0130\u015flem bonusu yaln\u0131zca i\u015flem amac\u0131yla verilir ve \u00e7ekilemez veya ba\u015fka bir hesaba aktar\u0131lamaz. M\u00fc\u015fterinin i\u015flem hesab\u0131 hareketsiz hale gelirse, verilen i\u015flem bonusu Uygun M\u00fc\u015fterinin hesab\u0131ndan [&hellip;]<\/p>\n","protected":false},"author":2,"featured_media":0,"parent":0,"menu_order":0,"comment_status":"closed","ping_status":"closed","template":"page-templates\/StandardPage.php","meta":{"_acf_changed":false,"footnotes":""},"class_list":["post-7010","page","type-page","status-publish","hentry"],"acf":[],"yoast_head":"<!-- This site is optimized with the Yoast SEO plugin v25.4 - https:\/\/yoast.com\/wordpress\/plugins\/seo\/ -->\n<title>Kampanya \u015eartlar\u0131 - FXoro Global TR<\/title>\n<meta name=\"robots\" content=\"noindex, follow, max-snippet:-1, max-image-preview:large, max-video-preview:-1\" \/>\n<meta property=\"og:locale\" content=\"tr_TR\" \/>\n<meta property=\"og:type\" content=\"article\" \/>\n<meta property=\"og:title\" content=\"Kampanya \u015eartlar\u0131 - FXoro Global TR\" \/>\n<meta property=\"og:description\" content=\"Bir i\u015flem bonusu talep etmeden \u00f6nce l\u00fctfen a\u015fa\u011f\u0131daki ge\u00e7erli \u015fartlar\u0131 okudu\u011funuzdan emin olun: Kampanyalar, onaylanm\u0131\u015f t\u00fcm hesap sahipleri i\u00e7in ge\u00e7erlidir; bu nedenle FXORO Global&#8217;de bir hesab\u0131n\u0131z\u0131n kay\u0131tl\u0131 oldu\u011fundan emin olun. \u0130\u015flem bonusu yaln\u0131zca i\u015flem amac\u0131yla verilir ve \u00e7ekilemez veya ba\u015fka bir hesaba aktar\u0131lamaz. M\u00fc\u015fterinin i\u015flem hesab\u0131 hareketsiz hale gelirse, verilen i\u015flem bonusu Uygun M\u00fc\u015fterinin hesab\u0131ndan [&hellip;]\" \/>\n<meta property=\"og:url\" content=\"https:\/\/fxoroglobal.com\/tr\/kampanya-sartlari\/\" \/>\n<meta property=\"og:site_name\" content=\"FXoro Global TR\" \/>\n<meta property=\"article:modified_time\" content=\"2025-07-28T15:43:18+00:00\" \/>\n<meta name=\"twitter:card\" content=\"summary_large_image\" \/>\n<meta name=\"twitter:label1\" content=\"Tahmini okuma s\u00fcresi\" \/>\n\t<meta name=\"twitter:data1\" content=\"1 dakika\" \/>\n<script type=\"application\/ld+json\" class=\"yoast-schema-graph\">{\"@context\":\"https:\/\/schema.org\",\"@graph\":[{\"@type\":\"WebPage\",\"@id\":\"https:\/\/fxoroglobal.com\/tr\/kampanya-sartlari\/\",\"url\":\"https:\/\/fxoroglobal.com\/tr\/kampanya-sartlari\/\",\"name\":\"Kampanya \u015eartlar\u0131 - FXoro Global TR\",\"isPartOf\":{\"@id\":\"https:\/\/fxoroglobal.com\/tr\/#website\"},\"datePublished\":\"2025-07-18T07:12:25+00:00\",\"dateModified\":\"2025-07-28T15:43:18+00:00\",\"breadcrumb\":{\"@id\":\"https:\/\/fxoroglobal.com\/tr\/kampanya-sartlari\/#breadcrumb\"},\"inLanguage\":\"tr\",\"potentialAction\":[{\"@type\":\"ReadAction\",\"target\":[\"https:\/\/fxoroglobal.com\/tr\/kampanya-sartlari\/\"]}]},{\"@type\":\"BreadcrumbList\",\"@id\":\"https:\/\/fxoroglobal.com\/tr\/kampanya-sartlari\/#breadcrumb\",\"itemListElement\":[{\"@type\":\"ListItem\",\"position\":1,\"name\":\"Home\",\"item\":\"https:\/\/fxoroglobal.com\/tr\/\"},{\"@type\":\"ListItem\",\"position\":2,\"name\":\"Kampanya \u015eartlar\u0131\"}]},{\"@type\":\"WebSite\",\"@id\":\"https:\/\/fxoroglobal.com\/tr\/#website\",\"url\":\"https:\/\/fxoroglobal.com\/tr\/\",\"name\":\"FXoro Global TR\",\"description\":\"\",\"potentialAction\":[{\"@type\":\"SearchAction\",\"target\":{\"@type\":\"EntryPoint\",\"urlTemplate\":\"https:\/\/fxoroglobal.com\/tr\/?s={search_term_string}\"},\"query-input\":{\"@type\":\"PropertyValueSpecification\",\"valueRequired\":true,\"valueName\":\"search_term_string\"}}],\"inLanguage\":\"tr\"}]}<\/script>\n<!-- \/ Yoast SEO plugin. -->","yoast_head_json":{"title":"Kampanya \u015eartlar\u0131 - FXoro Global TR","robots":{"index":"noindex","follow":"follow","max-snippet":"max-snippet:-1","max-image-preview":"max-image-preview:large","max-video-preview":"max-video-preview:-1"},"og_locale":"tr_TR","og_type":"article","og_title":"Kampanya \u015eartlar\u0131 - FXoro Global TR","og_description":"Bir i\u015flem bonusu talep etmeden \u00f6nce l\u00fctfen a\u015fa\u011f\u0131daki ge\u00e7erli \u015fartlar\u0131 okudu\u011funuzdan emin olun: Kampanyalar, onaylanm\u0131\u015f t\u00fcm hesap sahipleri i\u00e7in ge\u00e7erlidir; bu nedenle FXORO Global&#8217;de bir hesab\u0131n\u0131z\u0131n kay\u0131tl\u0131 oldu\u011fundan emin olun. \u0130\u015flem bonusu yaln\u0131zca i\u015flem amac\u0131yla verilir ve \u00e7ekilemez veya ba\u015fka bir hesaba aktar\u0131lamaz. M\u00fc\u015fterinin i\u015flem hesab\u0131 hareketsiz hale gelirse, verilen i\u015flem bonusu Uygun M\u00fc\u015fterinin hesab\u0131ndan [&hellip;]","og_url":"https:\/\/fxoroglobal.com\/tr\/kampanya-sartlari\/","og_site_name":"FXoro Global TR","article_modified_time":"2025-07-28T15:43:18+00:00","twitter_card":"summary_large_image","twitter_misc":{"Tahmini okuma s\u00fcresi":"1 dakika"},"schema":{"@context":"https:\/\/schema.org","@graph":[{"@type":"WebPage","@id":"https:\/\/fxoroglobal.com\/tr\/kampanya-sartlari\/","url":"https:\/\/fxoroglobal.com\/tr\/kampanya-sartlari\/","name":"Kampanya \u015eartlar\u0131 - FXoro Global TR","isPartOf":{"@id":"https:\/\/fxoroglobal.com\/tr\/#website"},"datePublished":"2025-07-18T07:12:25+00:00","dateModified":"2025-07-28T15:43:18+00:00","breadcrumb":{"@id":"https:\/\/fxoroglobal.com\/tr\/kampanya-sartlari\/#breadcrumb"},"inLanguage":"tr","potentialAction":[{"@type":"ReadAction","target":["https:\/\/fxoroglobal.com\/tr\/kampanya-sartlari\/"]}]},{"@type":"BreadcrumbList","@id":"https:\/\/fxoroglobal.com\/tr\/kampanya-sartlari\/#breadcrumb","itemListElement":[{"@type":"ListItem","position":1,"name":"Home","item":"https:\/\/fxoroglobal.com\/tr\/"},{"@type":"ListItem","position":2,"name":"Kampanya \u015eartlar\u0131"}]},{"@type":"WebSite","@id":"https:\/\/fxoroglobal.com\/tr\/#website","url":"https:\/\/fxoroglobal.com\/tr\/","name":"FXoro Global TR","description":"","potentialAction":[{"@type":"SearchAction","target":{"@type":"EntryPoint","urlTemplate":"https:\/\/fxoroglobal.com\/tr\/?s={search_term_string}"},"query-input":{"@type":"PropertyValueSpecification","valueRequired":true,"valueName":"search_term_string"}}],"inLanguage":"tr"}]}},"_links":{"self":[{"href":"https:\/\/fxoroglobal.com\/tr\/wp-json\/wp\/v2\/pages\/7010","targetHints":{"allow":["GET"]}}],"collection":[{"href":"https:\/\/fxoroglobal.com\/tr\/wp-json\/wp\/v2\/pages"}],"about":[{"href":"https:\/\/fxoroglobal.com\/tr\/wp-json\/wp\/v2\/types\/page"}],"author":[{"embeddable":true,"href":"https:\/\/fxoroglobal.com\/tr\/wp-json\/wp\/v2\/users\/2"}],"replies":[{"embeddable":true,"href":"https:\/\/fxoroglobal.com\/tr\/wp-json\/wp\/v2\/comments?post=7010"}],"version-history":[{"count":2,"href":"https:\/\/fxoroglobal.com\/tr\/wp-json\/wp\/v2\/pages\/7010\/revisions"}],"predecessor-version":[{"id":7043,"href":"https:\/\/fxoroglobal.com\/tr\/wp-json\/wp\/v2\/pages\/7010\/revisions\/7043"}],"wp:attachment":[{"href":"https:\/\/fxoroglobal.com\/tr\/wp-json\/wp\/v2\/media?parent=7010"}],"curies":[{"name":"wp","href":"https:\/\/api.w.org\/{rel}","templated":true}]}}