{"id":6357,"date":"2025-01-23T07:17:38","date_gmt":"2025-01-23T07:17:38","guid":{"rendered":"https:\/\/thewallstreetfan.com\/?page_id=6357"},"modified":"2025-01-23T07:17:38","modified_gmt":"2025-01-23T07:17:38","slug":"kar-hesaplayici","status":"publish","type":"page","link":"https:\/\/fxoroglobal.com\/tr\/kar-hesaplayici\/","title":{"rendered":"K\u00e2r Hesaplay\u0131c\u0131"},"content":{"rendered":"","protected":false},"excerpt":{"rendered":"","protected":false},"author":1,"featured_media":0,"parent":0,"menu_order":0,"comment_status":"closed","ping_status":"closed","template":"page-templates\/ProfitLossCalculator.php","meta":{"_acf_changed":false,"footnotes":""},"class_list":["post-6357","page","type-page","status-publish","hentry"],"acf":[],"yoast_head":"<!-- This site is optimized with the Yoast SEO plugin v25.4 - https:\/\/yoast.com\/wordpress\/plugins\/seo\/ -->\n<title>K\u00e2r Hesaplay\u0131c\u0131 - FXoro Global TR<\/title>\n<meta name=\"robots\" content=\"noindex, follow, max-snippet:-1, max-image-preview:large, max-video-preview:-1\" \/>\n<meta property=\"og:locale\" content=\"tr_TR\" \/>\n<meta property=\"og:type\" content=\"article\" \/>\n<meta property=\"og:title\" content=\"K\u00e2r Hesaplay\u0131c\u0131 - FXoro Global TR\" \/>\n<meta property=\"og:url\" content=\"https:\/\/fxoroglobal.com\/tr\/kar-hesaplayici\/\" \/>\n<meta property=\"og:site_name\" content=\"FXoro Global TR\" \/>\n<meta name=\"twitter:card\" content=\"summary_large_image\" \/>\n<script type=\"application\/ld+json\" class=\"yoast-schema-graph\">{\"@context\":\"https:\/\/schema.org\",\"@graph\":[{\"@type\":\"WebPage\",\"@id\":\"https:\/\/fxoroglobal.com\/tr\/kar-hesaplayici\/\",\"url\":\"https:\/\/fxoroglobal.com\/tr\/kar-hesaplayici\/\",\"name\":\"K\u00e2r Hesaplay\u0131c\u0131 - FXoro Global TR\",\"isPartOf\":{\"@id\":\"https:\/\/fxoroglobal.com\/tr\/#website\"},\"datePublished\":\"2025-01-23T07:17:38+00:00\",\"breadcrumb\":{\"@id\":\"https:\/\/fxoroglobal.com\/tr\/kar-hesaplayici\/#breadcrumb\"},\"inLanguage\":\"tr\",\"potentialAction\":[{\"@type\":\"ReadAction\",\"target\":[\"https:\/\/fxoroglobal.com\/tr\/kar-hesaplayici\/\"]}]},{\"@type\":\"BreadcrumbList\",\"@id\":\"https:\/\/fxoroglobal.com\/tr\/kar-hesaplayici\/#breadcrumb\",\"itemListElement\":[{\"@type\":\"ListItem\",\"position\":1,\"name\":\"Home\",\"item\":\"https:\/\/fxoroglobal.com\/tr\/\"},{\"@type\":\"ListItem\",\"position\":2,\"name\":\"K\u00e2r Hesaplay\u0131c\u0131\"}]},{\"@type\":\"WebSite\",\"@id\":\"https:\/\/fxoroglobal.com\/tr\/#website\",\"url\":\"https:\/\/fxoroglobal.com\/tr\/\",\"name\":\"FXoro Global TR\",\"description\":\"\",\"potentialAction\":[{\"@type\":\"SearchAction\",\"target\":{\"@type\":\"EntryPoint\",\"urlTemplate\":\"https:\/\/fxoroglobal.com\/tr\/?s={search_term_string}\"},\"query-input\":{\"@type\":\"PropertyValueSpecification\",\"valueRequired\":true,\"valueName\":\"search_term_string\"}}],\"inLanguage\":\"tr\"}]}<\/script>\n<!-- \/ Yoast SEO plugin. -->","yoast_head_json":{"title":"K\u00e2r Hesaplay\u0131c\u0131 - FXoro Global TR","robots":{"index":"noindex","follow":"follow","max-snippet":"max-snippet:-1","max-image-preview":"max-image-preview:large","max-video-preview":"max-video-preview:-1"},"og_locale":"tr_TR","og_type":"article","og_title":"K\u00e2r Hesaplay\u0131c\u0131 - FXoro Global TR","og_url":"https:\/\/fxoroglobal.com\/tr\/kar-hesaplayici\/","og_site_name":"FXoro Global TR","twitter_card":"summary_large_image","schema":{"@context":"https:\/\/schema.org","@graph":[{"@type":"WebPage","@id":"https:\/\/fxoroglobal.com\/tr\/kar-hesaplayici\/","url":"https:\/\/fxoroglobal.com\/tr\/kar-hesaplayici\/","name":"K\u00e2r Hesaplay\u0131c\u0131 - FXoro Global TR","isPartOf":{"@id":"https:\/\/fxoroglobal.com\/tr\/#website"},"datePublished":"2025-01-23T07:17:38+00:00","breadcrumb":{"@id":"https:\/\/fxoroglobal.com\/tr\/kar-hesaplayici\/#breadcrumb"},"inLanguage":"tr","potentialAction":[{"@type":"ReadAction","target":["https:\/\/fxoroglobal.com\/tr\/kar-hesaplayici\/"]}]},{"@type":"BreadcrumbList","@id":"https:\/\/fxoroglobal.com\/tr\/kar-hesaplayici\/#breadcrumb","itemListElement":[{"@type":"ListItem","position":1,"name":"Home","item":"https:\/\/fxoroglobal.com\/tr\/"},{"@type":"ListItem","position":2,"name":"K\u00e2r Hesaplay\u0131c\u0131"}]},{"@type":"WebSite","@id":"https:\/\/fxoroglobal.com\/tr\/#website","url":"https:\/\/fxoroglobal.com\/tr\/","name":"FXoro Global TR","description":"","potentialAction":[{"@type":"SearchAction","target":{"@type":"EntryPoint","urlTemplate":"https:\/\/fxoroglobal.com\/tr\/?s={search_term_string}"},"query-input":{"@type":"PropertyValueSpecification","valueRequired":true,"valueName":"search_term_string"}}],"inLanguage":"tr"}]}},"_links":{"self":[{"href":"https:\/\/fxoroglobal.com\/tr\/wp-json\/wp\/v2\/pages\/6357","targetHints":{"allow":["GET"]}}],"collection":[{"href":"https:\/\/fxoroglobal.com\/tr\/wp-json\/wp\/v2\/pages"}],"about":[{"href":"https:\/\/fxoroglobal.com\/tr\/wp-json\/wp\/v2\/types\/page"}],"author":[{"embeddable":true,"href":"https:\/\/fxoroglobal.com\/tr\/wp-json\/wp\/v2\/users\/1"}],"replies":[{"embeddable":true,"href":"https:\/\/fxoroglobal.com\/tr\/wp-json\/wp\/v2\/comments?post=6357"}],"version-history":[{"count":0,"href":"https:\/\/fxoroglobal.com\/tr\/wp-json\/wp\/v2\/pages\/6357\/revisions"}],"wp:attachment":[{"href":"https:\/\/fxoroglobal.com\/tr\/wp-json\/wp\/v2\/media?parent=6357"}],"curies":[{"name":"wp","href":"https:\/\/api.w.org\/{rel}","templated":true}]}}