{"id":37,"date":"2024-08-22T14:02:35","date_gmt":"2024-08-22T14:02:35","guid":{"rendered":"http:\/\/localhost\/wp-multisite\/?page_id=37"},"modified":"2026-01-04T12:34:05","modified_gmt":"2026-01-04T12:34:05","slug":"etfler-borsa-yatirim-fonlari","status":"publish","type":"page","link":"https:\/\/fxoroglobal.com\/tr\/etfler-borsa-yatirim-fonlari\/","title":{"rendered":"ETF&#8217;ler (Borsa Yat\u0131r\u0131m Fonlar\u0131)"},"content":{"rendered":"","protected":false},"excerpt":{"rendered":"","protected":false},"author":1,"featured_media":0,"parent":0,"menu_order":0,"comment_status":"closed","ping_status":"closed","template":"page-templates\/ETFs.php","meta":{"_acf_changed":false,"footnotes":""},"class_list":["post-37","page","type-page","status-publish","hentry"],"acf":[],"yoast_head":"<!-- This site is optimized with the Yoast SEO plugin v25.4 - https:\/\/yoast.com\/wordpress\/plugins\/seo\/ -->\n<title>ETF&#039;ler (Borsa Yat\u0131r\u0131m Fonlar\u0131) - FXoro Global TR<\/title>\n<meta name=\"robots\" content=\"noindex, follow, max-snippet:-1, max-image-preview:large, max-video-preview:-1\" \/>\n<meta property=\"og:locale\" content=\"tr_TR\" \/>\n<meta property=\"og:type\" content=\"article\" \/>\n<meta property=\"og:title\" content=\"ETF&#039;ler (Borsa Yat\u0131r\u0131m Fonlar\u0131) - FXoro Global TR\" \/>\n<meta property=\"og:url\" content=\"https:\/\/fxoroglobal.com\/tr\/etfler-borsa-yatirim-fonlari\/\" \/>\n<meta property=\"og:site_name\" content=\"FXoro Global TR\" \/>\n<meta property=\"article:modified_time\" content=\"2026-01-04T12:34:05+00:00\" \/>\n<meta name=\"twitter:card\" content=\"summary_large_image\" \/>\n<script type=\"application\/ld+json\" class=\"yoast-schema-graph\">{\"@context\":\"https:\/\/schema.org\",\"@graph\":[{\"@type\":\"WebPage\",\"@id\":\"https:\/\/fxoroglobal.com\/tr\/etfler-borsa-yatirim-fonlari\/\",\"url\":\"https:\/\/fxoroglobal.com\/tr\/etfler-borsa-yatirim-fonlari\/\",\"name\":\"ETF'ler (Borsa Yat\u0131r\u0131m Fonlar\u0131) - FXoro Global TR\",\"isPartOf\":{\"@id\":\"https:\/\/fxoroglobal.com\/tr\/#website\"},\"datePublished\":\"2024-08-22T14:02:35+00:00\",\"dateModified\":\"2026-01-04T12:34:05+00:00\",\"breadcrumb\":{\"@id\":\"https:\/\/fxoroglobal.com\/tr\/etfler-borsa-yatirim-fonlari\/#breadcrumb\"},\"inLanguage\":\"tr\",\"potentialAction\":[{\"@type\":\"ReadAction\",\"target\":[\"https:\/\/fxoroglobal.com\/tr\/etfler-borsa-yatirim-fonlari\/\"]}]},{\"@type\":\"BreadcrumbList\",\"@id\":\"https:\/\/fxoroglobal.com\/tr\/etfler-borsa-yatirim-fonlari\/#breadcrumb\",\"itemListElement\":[{\"@type\":\"ListItem\",\"position\":1,\"name\":\"Home\",\"item\":\"https:\/\/fxoroglobal.com\/tr\/\"},{\"@type\":\"ListItem\",\"position\":2,\"name\":\"ETF&#8217;ler (Borsa Yat\u0131r\u0131m Fonlar\u0131)\"}]},{\"@type\":\"WebSite\",\"@id\":\"https:\/\/fxoroglobal.com\/tr\/#website\",\"url\":\"https:\/\/fxoroglobal.com\/tr\/\",\"name\":\"FXoro Global TR\",\"description\":\"\",\"potentialAction\":[{\"@type\":\"SearchAction\",\"target\":{\"@type\":\"EntryPoint\",\"urlTemplate\":\"https:\/\/fxoroglobal.com\/tr\/?s={search_term_string}\"},\"query-input\":{\"@type\":\"PropertyValueSpecification\",\"valueRequired\":true,\"valueName\":\"search_term_string\"}}],\"inLanguage\":\"tr\"}]}<\/script>\n<!-- \/ Yoast SEO plugin. -->","yoast_head_json":{"title":"ETF'ler (Borsa Yat\u0131r\u0131m Fonlar\u0131) - FXoro Global TR","robots":{"index":"noindex","follow":"follow","max-snippet":"max-snippet:-1","max-image-preview":"max-image-preview:large","max-video-preview":"max-video-preview:-1"},"og_locale":"tr_TR","og_type":"article","og_title":"ETF'ler (Borsa Yat\u0131r\u0131m Fonlar\u0131) - FXoro Global TR","og_url":"https:\/\/fxoroglobal.com\/tr\/etfler-borsa-yatirim-fonlari\/","og_site_name":"FXoro Global TR","article_modified_time":"2026-01-04T12:34:05+00:00","twitter_card":"summary_large_image","schema":{"@context":"https:\/\/schema.org","@graph":[{"@type":"WebPage","@id":"https:\/\/fxoroglobal.com\/tr\/etfler-borsa-yatirim-fonlari\/","url":"https:\/\/fxoroglobal.com\/tr\/etfler-borsa-yatirim-fonlari\/","name":"ETF'ler (Borsa Yat\u0131r\u0131m Fonlar\u0131) - FXoro Global TR","isPartOf":{"@id":"https:\/\/fxoroglobal.com\/tr\/#website"},"datePublished":"2024-08-22T14:02:35+00:00","dateModified":"2026-01-04T12:34:05+00:00","breadcrumb":{"@id":"https:\/\/fxoroglobal.com\/tr\/etfler-borsa-yatirim-fonlari\/#breadcrumb"},"inLanguage":"tr","potentialAction":[{"@type":"ReadAction","target":["https:\/\/fxoroglobal.com\/tr\/etfler-borsa-yatirim-fonlari\/"]}]},{"@type":"BreadcrumbList","@id":"https:\/\/fxoroglobal.com\/tr\/etfler-borsa-yatirim-fonlari\/#breadcrumb","itemListElement":[{"@type":"ListItem","position":1,"name":"Home","item":"https:\/\/fxoroglobal.com\/tr\/"},{"@type":"ListItem","position":2,"name":"ETF&#8217;ler (Borsa Yat\u0131r\u0131m Fonlar\u0131)"}]},{"@type":"WebSite","@id":"https:\/\/fxoroglobal.com\/tr\/#website","url":"https:\/\/fxoroglobal.com\/tr\/","name":"FXoro Global TR","description":"","potentialAction":[{"@type":"SearchAction","target":{"@type":"EntryPoint","urlTemplate":"https:\/\/fxoroglobal.com\/tr\/?s={search_term_string}"},"query-input":{"@type":"PropertyValueSpecification","valueRequired":true,"valueName":"search_term_string"}}],"inLanguage":"tr"}]}},"_links":{"self":[{"href":"https:\/\/fxoroglobal.com\/tr\/wp-json\/wp\/v2\/pages\/37","targetHints":{"allow":["GET"]}}],"collection":[{"href":"https:\/\/fxoroglobal.com\/tr\/wp-json\/wp\/v2\/pages"}],"about":[{"href":"https:\/\/fxoroglobal.com\/tr\/wp-json\/wp\/v2\/types\/page"}],"author":[{"embeddable":true,"href":"https:\/\/fxoroglobal.com\/tr\/wp-json\/wp\/v2\/users\/1"}],"replies":[{"embeddable":true,"href":"https:\/\/fxoroglobal.com\/tr\/wp-json\/wp\/v2\/comments?post=37"}],"version-history":[{"count":1,"href":"https:\/\/fxoroglobal.com\/tr\/wp-json\/wp\/v2\/pages\/37\/revisions"}],"predecessor-version":[{"id":7148,"href":"https:\/\/fxoroglobal.com\/tr\/wp-json\/wp\/v2\/pages\/37\/revisions\/7148"}],"wp:attachment":[{"href":"https:\/\/fxoroglobal.com\/tr\/wp-json\/wp\/v2\/media?parent=37"}],"curies":[{"name":"wp","href":"https:\/\/api.w.org\/{rel}","templated":true}]}}