{"id":95,"date":"2024-08-22T14:08:42","date_gmt":"2024-08-22T14:08:42","guid":{"rendered":"http:\/\/localhost\/wp-multisite\/?page_id=95"},"modified":"2025-06-04T09:15:56","modified_gmt":"2025-06-04T09:15:56","slug":"reglamento","status":"publish","type":"page","link":"https:\/\/fxoroglobal.com\/es\/reglamento\/","title":{"rendered":"Reglamentos"},"content":{"rendered":"\n<p>ORO FINTECH LTD est\u00e1 incorporada y registrada de conformidad con las leyes de Seychelles con el n\u00famero de empresa 8425077-1. La empresa est\u00e1 autorizada por la Autoridad de Servicios Financieros de Seychelles (FSA) con el n\u00famero de licencia de intermediario de valores SD046, para la prestaci\u00f3n de servicios de inversi\u00f3n, conforme a lo establecido en la Ley de Valores de 2007.<\/p>\n<p>La FSA es el organismo regulador aut\u00f3nomo responsable de los servicios financieros no bancarios en Seychelles. Establecida conforme a la Ley de la Autoridad de Servicios Financieros de 2013, la autoridad es responsable de la concesi\u00f3n de licencias, regulaci\u00f3n, aplicaci\u00f3n de requisitos normativos y de cumplimiento, supervisi\u00f3n y control de las actividades en el sector de servicios financieros no bancarios en Seychelles.<\/p>\n<p>El comercio de productos apalancados conlleva un nivel significativo de riesgo y puede no ser adecuado para todos los inversores. El rendimiento pasado de una inversi\u00f3n no es un indicador fiable del rendimiento futuro.<\/p>\n\n","protected":false},"excerpt":{"rendered":"<p>ORO FINTECH LTD est\u00e1 incorporada y registrada de conformidad con las leyes de Seychelles con el n\u00famero de empresa 8425077-1. La empresa est\u00e1 autorizada por la Autoridad de Servicios Financieros de Seychelles (FSA) con el n\u00famero de licencia de intermediario de valores SD046, para la prestaci\u00f3n de servicios de inversi\u00f3n, conforme a lo establecido en [&hellip;]<\/p>\n","protected":false},"author":1,"featured_media":0,"parent":0,"menu_order":0,"comment_status":"closed","ping_status":"closed","template":"page-templates\/Regulations.php","meta":{"_acf_changed":false,"footnotes":""},"class_list":["post-95","page","type-page","status-publish","hentry"],"acf":[],"yoast_head":"<!-- This site is optimized with the Yoast SEO plugin v25.4 - https:\/\/yoast.com\/wordpress\/plugins\/seo\/ -->\n<title>Reglamentos - FXoro Global ES<\/title>\n<meta name=\"robots\" content=\"index, follow, max-snippet:-1, max-image-preview:large, max-video-preview:-1\" \/>\n<link rel=\"canonical\" href=\"https:\/\/fxoroglobal.com\/es\/reglamento\/\" \/>\n<meta property=\"og:locale\" content=\"es_ES\" \/>\n<meta property=\"og:type\" content=\"article\" \/>\n<meta property=\"og:title\" content=\"Reglamentos - FXoro Global ES\" \/>\n<meta property=\"og:description\" content=\"ORO FINTECH LTD est\u00e1 incorporada y registrada de conformidad con las leyes de Seychelles con el n\u00famero de empresa 8425077-1. La empresa est\u00e1 autorizada por la Autoridad de Servicios Financieros de Seychelles (FSA) con el n\u00famero de licencia de intermediario de valores SD046, para la prestaci\u00f3n de servicios de inversi\u00f3n, conforme a lo establecido en [&hellip;]\" \/>\n<meta property=\"og:url\" content=\"https:\/\/fxoroglobal.com\/es\/reglamento\/\" \/>\n<meta property=\"og:site_name\" content=\"FXoro Global ES\" \/>\n<meta property=\"article:modified_time\" content=\"2025-06-04T09:15:56+00:00\" \/>\n<meta name=\"twitter:card\" content=\"summary_large_image\" \/>\n<meta name=\"twitter:label1\" content=\"Tiempo de lectura\" \/>\n\t<meta name=\"twitter:data1\" content=\"1 minuto\" \/>\n<script type=\"application\/ld+json\" class=\"yoast-schema-graph\">{\"@context\":\"https:\/\/schema.org\",\"@graph\":[{\"@type\":\"WebPage\",\"@id\":\"https:\/\/fxoroglobal.com\/es\/reglamento\/\",\"url\":\"https:\/\/fxoroglobal.com\/es\/reglamento\/\",\"name\":\"Reglamentos - FXoro Global ES\",\"isPartOf\":{\"@id\":\"https:\/\/fxoroglobal.com\/es\/#website\"},\"datePublished\":\"2024-08-22T14:08:42+00:00\",\"dateModified\":\"2025-06-04T09:15:56+00:00\",\"breadcrumb\":{\"@id\":\"https:\/\/fxoroglobal.com\/es\/reglamento\/#breadcrumb\"},\"inLanguage\":\"es\",\"potentialAction\":[{\"@type\":\"ReadAction\",\"target\":[\"https:\/\/fxoroglobal.com\/es\/reglamento\/\"]}]},{\"@type\":\"BreadcrumbList\",\"@id\":\"https:\/\/fxoroglobal.com\/es\/reglamento\/#breadcrumb\",\"itemListElement\":[{\"@type\":\"ListItem\",\"position\":1,\"name\":\"Home\",\"item\":\"https:\/\/fxoroglobal.com\/es\/\"},{\"@type\":\"ListItem\",\"position\":2,\"name\":\"Reglamentos\"}]},{\"@type\":\"WebSite\",\"@id\":\"https:\/\/fxoroglobal.com\/es\/#website\",\"url\":\"https:\/\/fxoroglobal.com\/es\/\",\"name\":\"FXoro Global ES\",\"description\":\"\",\"potentialAction\":[{\"@type\":\"SearchAction\",\"target\":{\"@type\":\"EntryPoint\",\"urlTemplate\":\"https:\/\/fxoroglobal.com\/es\/?s={search_term_string}\"},\"query-input\":{\"@type\":\"PropertyValueSpecification\",\"valueRequired\":true,\"valueName\":\"search_term_string\"}}],\"inLanguage\":\"es\"}]}<\/script>\n<!-- \/ Yoast SEO plugin. -->","yoast_head_json":{"title":"Reglamentos - FXoro Global ES","robots":{"index":"index","follow":"follow","max-snippet":"max-snippet:-1","max-image-preview":"max-image-preview:large","max-video-preview":"max-video-preview:-1"},"canonical":"https:\/\/fxoroglobal.com\/es\/reglamento\/","og_locale":"es_ES","og_type":"article","og_title":"Reglamentos - FXoro Global ES","og_description":"ORO FINTECH LTD est\u00e1 incorporada y registrada de conformidad con las leyes de Seychelles con el n\u00famero de empresa 8425077-1. La empresa est\u00e1 autorizada por la Autoridad de Servicios Financieros de Seychelles (FSA) con el n\u00famero de licencia de intermediario de valores SD046, para la prestaci\u00f3n de servicios de inversi\u00f3n, conforme a lo establecido en [&hellip;]","og_url":"https:\/\/fxoroglobal.com\/es\/reglamento\/","og_site_name":"FXoro Global ES","article_modified_time":"2025-06-04T09:15:56+00:00","twitter_card":"summary_large_image","twitter_misc":{"Tiempo de lectura":"1 minuto"},"schema":{"@context":"https:\/\/schema.org","@graph":[{"@type":"WebPage","@id":"https:\/\/fxoroglobal.com\/es\/reglamento\/","url":"https:\/\/fxoroglobal.com\/es\/reglamento\/","name":"Reglamentos - FXoro Global ES","isPartOf":{"@id":"https:\/\/fxoroglobal.com\/es\/#website"},"datePublished":"2024-08-22T14:08:42+00:00","dateModified":"2025-06-04T09:15:56+00:00","breadcrumb":{"@id":"https:\/\/fxoroglobal.com\/es\/reglamento\/#breadcrumb"},"inLanguage":"es","potentialAction":[{"@type":"ReadAction","target":["https:\/\/fxoroglobal.com\/es\/reglamento\/"]}]},{"@type":"BreadcrumbList","@id":"https:\/\/fxoroglobal.com\/es\/reglamento\/#breadcrumb","itemListElement":[{"@type":"ListItem","position":1,"name":"Home","item":"https:\/\/fxoroglobal.com\/es\/"},{"@type":"ListItem","position":2,"name":"Reglamentos"}]},{"@type":"WebSite","@id":"https:\/\/fxoroglobal.com\/es\/#website","url":"https:\/\/fxoroglobal.com\/es\/","name":"FXoro Global ES","description":"","potentialAction":[{"@type":"SearchAction","target":{"@type":"EntryPoint","urlTemplate":"https:\/\/fxoroglobal.com\/es\/?s={search_term_string}"},"query-input":{"@type":"PropertyValueSpecification","valueRequired":true,"valueName":"search_term_string"}}],"inLanguage":"es"}]}},"_links":{"self":[{"href":"https:\/\/fxoroglobal.com\/es\/wp-json\/wp\/v2\/pages\/95","targetHints":{"allow":["GET"]}}],"collection":[{"href":"https:\/\/fxoroglobal.com\/es\/wp-json\/wp\/v2\/pages"}],"about":[{"href":"https:\/\/fxoroglobal.com\/es\/wp-json\/wp\/v2\/types\/page"}],"author":[{"embeddable":true,"href":"https:\/\/fxoroglobal.com\/es\/wp-json\/wp\/v2\/users\/1"}],"replies":[{"embeddable":true,"href":"https:\/\/fxoroglobal.com\/es\/wp-json\/wp\/v2\/comments?post=95"}],"version-history":[{"count":2,"href":"https:\/\/fxoroglobal.com\/es\/wp-json\/wp\/v2\/pages\/95\/revisions"}],"predecessor-version":[{"id":6723,"href":"https:\/\/fxoroglobal.com\/es\/wp-json\/wp\/v2\/pages\/95\/revisions\/6723"}],"wp:attachment":[{"href":"https:\/\/fxoroglobal.com\/es\/wp-json\/wp\/v2\/media?parent=95"}],"curies":[{"name":"wp","href":"https:\/\/api.w.org\/{rel}","templated":true}]}}