{"id":93,"date":"2024-08-22T14:08:31","date_gmt":"2024-08-22T14:08:31","guid":{"rendered":"http:\/\/localhost\/wp-multisite\/?page_id=93"},"modified":"2025-05-26T12:49:11","modified_gmt":"2025-05-26T12:49:11","slug":"advertencia-de-riesgo","status":"publish","type":"page","link":"https:\/\/fxoroglobal.com\/es\/advertencia-de-riesgo\/","title":{"rendered":"Advertencia de riesgo"},"content":{"rendered":"<p>ORO Fintech Limited es una empresa financiera constituida y registrada conforme a las leyes de la Rep\u00fablica de Seychelles con n\u00famero de registro 8425077-1 y autorizada por la Autoridad de Servicios Financieros (FSA) con n\u00famero de licencia SD046. Direcci\u00f3n: Apartamento 3, Global Village, Complejo Jivan Mont Fleuri, Mahe, Seychelles.<\/p>\n<ol>\n<li>\n        <strong>ADVERTENCIA DE RIESGO<\/strong><\/p>\n<p>Por la presente, el Cliente acepta utilizar el sitio web bajo su propio riesgo. Existe la posibilidad de que el Cliente pueda perder la totalidad o parte de su inversi\u00f3n inicial, por lo que no debe invertir dinero que no pueda permitirse perder. El Cliente debe ser consciente de los riesgos asociados con todas las operaciones con opciones digitales y buscar asesoramiento de un asesor financiero independiente si tiene preguntas o dudas.<\/p>\n<ol type=\"a\">\n<li>\n<p>Este Aviso est\u00e1 dirigido a todos los clientes potenciales y debe ser le\u00eddo cuidadosamente por todas las partes interesadas a quienes va dirigido. El prop\u00f3sito de la advertencia es explicar de forma clara, precisa y general la naturaleza de los riesgos involucrados al tratar con instrumentos financieros. El Cliente debe entender que estos riesgos implican la posibilidad de perder dinero durante el proceso de negociaci\u00f3n. Esta divulgaci\u00f3n es informativa y no debe considerarse como una lista exhaustiva de todos los riesgos posibles.<\/p>\n<\/li>\n<\/ol>\n<\/li>\n<li>\n        <strong>RIESGOS GENERALES<\/strong><\/p>\n<p>ORO FINTECH LTD informa y advierte al Cliente sobre los siguientes riesgos:<\/p>\n<ol type=\"a\">\n<li>\n<p>El capital inicial del Cliente y\/o cualquier cantidad de dinero invertida en instrumentos financieros no est\u00e1 ni puede estar garantizada por ORO FINTECH LTD.<\/p>\n<\/li>\n<li>\n<p>El Cliente es consciente de que el valor de cualquier inversi\u00f3n en instrumentos financieros puede fluctuar tanto a la baja como al alza, y acepta que existe la posibilidad de que cualquier inversi\u00f3n pueda alcanzar un valor de cero en cualquier momento, independientemente de la informaci\u00f3n (contraria o no) proporcionada por ORO FINTECH LTD.<\/p>\n<\/li>\n<li>\n<p>El Cliente debe saber que la informaci\u00f3n sobre el rendimiento pasado de un instrumento financiero no garantiza en modo alguno su rendimiento actual y\/o futuro. El uso de datos hist\u00f3ricos no representa una garant\u00eda para tomar decisiones seguras sobre el nivel o rendimiento futuro de los instrumentos financieros a los que dichos datos se refieren.<\/p>\n<\/li>\n<li>\n<p>ORO FINTECH LTD advierte al Cliente que cualquier transacci\u00f3n que se realice a trav\u00e9s de sus servicios de trading es de car\u00e1cter especulativo. El Cliente es informado de que pueden producirse p\u00e9rdidas significativas en un corto periodo de tiempo.<\/p>\n<\/li>\n<li>\n<p>El Cliente debe saber que hay casos en los que los instrumentos financieros pueden volverse inmediatamente il\u00edquidos (por ejemplo, debido a baja demanda). En estos casos, el Cliente podr\u00eda no ser capaz de vender los instrumentos financieros mencionados ni obtener f\u00e1cilmente informaci\u00f3n sobre su valor y\/o los riesgos asociados.<\/p>\n<\/li>\n<li>\n<p>Si los instrumentos financieros se negocian en una moneda distinta a la del pa\u00eds de residencia del Cliente, los cambios en los tipos de cambio pueden tener un efecto negativo en su valor, precio y rendimiento.<\/p>\n<\/li>\n<li>\n<p>El Cliente es informado de que en determinadas condiciones del mercado, ejecutar una orden puede ser dif\u00edcil o incluso imposible. Adem\u00e1s, ORO FINTECH LTD advierte que puede operar en los mercados financieros a trav\u00e9s de bancos y br\u00f3kers que podr\u00edan tener intereses opuestos a los del Cliente.<\/p>\n<\/li>\n<\/ol>\n<\/li>\n<li>\n        <strong>COMISIONES Y CARGOS<\/strong><\/p>\n<ol type=\"a\">\n<li>\n<p>El Cliente es notificado sobre posibles cambios en las condiciones de la cuenta, modificaciones legales u otros factores que pueden representar un riesgo en las transacciones financieras del Cliente y que pueden estar sujetos a impuestos y\/u otros cargos legales. ORO FINTECH LTD no puede garantizar que el Cliente no incurrir\u00e1 en impuestos y\/o otras obligaciones. El Cliente es responsable de todas las tasas e impuestos derivados de sus operaciones.<\/p>\n<\/li>\n<li>\n<p>ORO FINTECH LTD recomienda firmemente que el Cliente obtenga informaci\u00f3n detallada sobre todas las comisiones y cargos antes de comenzar a operar. Si hay cargos no claramente especificados (por ejemplo, spreads abusivos), el Cliente debe solicitar una explicaci\u00f3n por escrito con ejemplos para estar completamente informado.<\/p>\n<\/li>\n<\/ol>\n<p>De acuerdo con las regulaciones vigentes, al br\u00f3ker ORO FINTECH LTD se le puede exigir mantener el dinero del Cliente en una cuenta separada del resto de clientes, as\u00ed como separada de las cuentas de ORO FINTECH LTD. No obstante, esto no garantiza una protecci\u00f3n completa para el Cliente.<\/p>\n<\/li>\n<li>\n        <strong>RIESGOS T\u00c9CNICOS<\/strong><\/p>\n<ol type=\"a\">\n<li>\n<p>Si el Cliente realiza operaciones a trav\u00e9s de un sistema electr\u00f3nico, puede estar expuesto a riesgos relacionados con dicho sistema (incluyendo fallos de hardware y software). Como resultado, su orden podr\u00eda no ejecutarse conforme a sus instrucciones o no ejecutarse en absoluto. ORO FINTECH no se hace responsable en tales casos.<\/p>\n<\/li>\n<li>\n<p>El Cliente es responsable de gestionar los riesgos que pueden resultar en p\u00e9rdidas financieras debidas a falta de informaci\u00f3n, fallos de comunicaci\u00f3n, fallos electr\u00f3nicos u otros sistemas.<\/p>\n<\/li>\n<li>\n<p>En caso de que terceros autorizados tengan acceso a informaci\u00f3n como correos electr\u00f3nicos, datos personales y comunicaciones, ORO FINTECH LTD no ser\u00e1 responsable si dicha informaci\u00f3n es transmitida entre ORO FINTECH LTD u otra parte mediante internet, tel\u00e9fono o cualquier otro medio.<\/p>\n<\/li>\n<li>\n<p>El Cliente debe saber que la informaci\u00f3n no cifrada enviada por correo electr\u00f3nico no est\u00e1 protegida contra accesos no autorizados.<\/p>\n<\/li>\n<li>\n<p>Durante periodos de alta actividad de trading, el Cliente puede tener dificultades para conectarse por tel\u00e9fono o acceder a la plataforma de negociaci\u00f3n.<\/p>\n<\/li>\n<li>\n<p>El Cliente debe saber que el acceso al sitio web de ORO FINTECH LTD o al sistema de trading puede verse afectado por eventos como cortes de electricidad, fallos de hardware\/software o problemas de conexi\u00f3n. ORO FINTECH LTD no es responsable por da\u00f1os o p\u00e9rdidas derivados de estos eventos.<\/p>\n<\/li>\n<li>\n<p>ORO FINTECH LTD no es proveedor de servicios de internet y no es responsable de interrupciones por problemas de red, fallos de electricidad o ataques inform\u00e1ticos.<\/p>\n<\/li>\n<li>\n<p>Al operar en una plataforma electr\u00f3nica, el Cliente asume el riesgo de p\u00e9rdidas financieras por causas como:<\/p>\n<ul>\n<li>\n<p>Mal funcionamiento del equipo o conexi\u00f3n del Cliente;<\/p>\n<\/li>\n<li>\n<p>Fallo del hardware\/software de ORO FINTECH LTD o del Cliente;<\/p>\n<\/li>\n<li>\n<p>Uso inadecuado del equipo del Cliente;<\/p>\n<\/li>\n<li>\n<p>Configuraci\u00f3n incorrecta del terminal del Cliente;<\/p>\n<\/li>\n<li>\n<p>Actualizaciones retrasadas del terminal del Cliente.<\/p>\n<\/li>\n<\/ul>\n<\/li>\n<\/ol>\n<\/li>\n<li>\n        <strong>APALANCAMIENTO<\/strong><\/p>\n<p>El Cliente debe entender que el apalancamiento en operaciones con margen puede tener un impacto significativo en su cuenta de trading. Incluso cambios menores en los precios pueden provocar la p\u00e9rdida total del dep\u00f3sito inicial. El Cliente es plenamente responsable del uso de sus fondos y de la gesti\u00f3n de los riesgos.<\/p>\n<\/li>\n<li>\n        <strong>DESLIZAMIENTO DE PRECIOS (SLIPPAGE)<\/strong><\/p>\n<p>La volatilidad del mercado puede generar condiciones donde es dif\u00edcil ejecutar \u00f3rdenes al precio deseado, ya que el mercado puede moverse bruscamente. Aunque el trader busque un precio espec\u00edfico, la orden se ejecutar\u00e1 al mejor precio disponible. El aumento en el volumen tambi\u00e9n puede causar deslizamiento por falta de liquidez.<\/p>\n<p>Una vez activada una orden de stop, se convierte en una orden al mejor precio de mercado, sin garant\u00eda de ejecutarse al precio inicialmente deseado. Las \u00f3rdenes pendientes pueden estar sujetas a deslizamiento seg\u00fan las condiciones del mercado.<\/p>\n<\/li>\n<li>\n        <strong>PLATAFORMA DE TRADING<\/strong><\/p>\n<p>El Cliente reconoce que la \u00fanica fuente confiable de cotizaciones en tiempo real es la proporcionada por el servidor en l\u00ednea. Las cotizaciones visibles en su terminal pueden no ser exactas si la conexi\u00f3n con el servidor se interrumpe.<\/p>\n<p>El Cliente tambi\u00e9n entiende que una vez que env\u00eda una orden de cierre, modificaci\u00f3n o eliminaci\u00f3n de posici\u00f3n, la \u00faltima instrucci\u00f3n enviada al servidor no puede ser cancelada.<\/p>\n<\/li>\n<\/ol>\n","protected":false},"excerpt":{"rendered":"<p>ORO Fintech Limited es una empresa financiera constituida y registrada conforme a las leyes de la Rep\u00fablica de Seychelles con n\u00famero de registro 8425077-1 y autorizada por la Autoridad de Servicios Financieros (FSA) con n\u00famero de licencia SD046. Direcci\u00f3n: Apartamento 3, Global Village, Complejo Jivan Mont Fleuri, Mahe, Seychelles. ADVERTENCIA DE RIESGO Por la presente, [&hellip;]<\/p>\n","protected":false},"author":1,"featured_media":0,"parent":0,"menu_order":0,"comment_status":"closed","ping_status":"closed","template":"page-templates\/StandardPage.php","meta":{"_acf_changed":false,"footnotes":""},"class_list":["post-93","page","type-page","status-publish","hentry"],"acf":[],"yoast_head":"<!-- This site is optimized with the Yoast SEO plugin v25.4 - https:\/\/yoast.com\/wordpress\/plugins\/seo\/ -->\n<title>Advertencia de riesgo - FXoro Global ES<\/title>\n<meta name=\"robots\" content=\"index, follow, max-snippet:-1, max-image-preview:large, max-video-preview:-1\" \/>\n<link rel=\"canonical\" href=\"https:\/\/fxoroglobal.com\/es\/advertencia-de-riesgo\/\" \/>\n<meta property=\"og:locale\" content=\"es_ES\" \/>\n<meta property=\"og:type\" content=\"article\" \/>\n<meta property=\"og:title\" content=\"Advertencia de riesgo - FXoro Global ES\" \/>\n<meta property=\"og:description\" content=\"ORO Fintech Limited es una empresa financiera constituida y registrada conforme a las leyes de la Rep\u00fablica de Seychelles con n\u00famero de registro 8425077-1 y autorizada por la Autoridad de Servicios Financieros (FSA) con n\u00famero de licencia SD046. Direcci\u00f3n: Apartamento 3, Global Village, Complejo Jivan Mont Fleuri, Mahe, Seychelles. ADVERTENCIA DE RIESGO Por la presente, [&hellip;]\" \/>\n<meta property=\"og:url\" content=\"https:\/\/fxoroglobal.com\/es\/advertencia-de-riesgo\/\" \/>\n<meta property=\"og:site_name\" content=\"FXoro Global ES\" \/>\n<meta property=\"article:modified_time\" content=\"2025-05-26T12:49:11+00:00\" \/>\n<meta name=\"twitter:card\" content=\"summary_large_image\" \/>\n<meta name=\"twitter:label1\" content=\"Tiempo de lectura\" \/>\n\t<meta name=\"twitter:data1\" content=\"6 minutos\" \/>\n<script type=\"application\/ld+json\" class=\"yoast-schema-graph\">{\"@context\":\"https:\/\/schema.org\",\"@graph\":[{\"@type\":\"WebPage\",\"@id\":\"https:\/\/fxoroglobal.com\/es\/advertencia-de-riesgo\/\",\"url\":\"https:\/\/fxoroglobal.com\/es\/advertencia-de-riesgo\/\",\"name\":\"Advertencia de riesgo - FXoro Global ES\",\"isPartOf\":{\"@id\":\"https:\/\/fxoroglobal.com\/es\/#website\"},\"datePublished\":\"2024-08-22T14:08:31+00:00\",\"dateModified\":\"2025-05-26T12:49:11+00:00\",\"breadcrumb\":{\"@id\":\"https:\/\/fxoroglobal.com\/es\/advertencia-de-riesgo\/#breadcrumb\"},\"inLanguage\":\"es\",\"potentialAction\":[{\"@type\":\"ReadAction\",\"target\":[\"https:\/\/fxoroglobal.com\/es\/advertencia-de-riesgo\/\"]}]},{\"@type\":\"BreadcrumbList\",\"@id\":\"https:\/\/fxoroglobal.com\/es\/advertencia-de-riesgo\/#breadcrumb\",\"itemListElement\":[{\"@type\":\"ListItem\",\"position\":1,\"name\":\"Home\",\"item\":\"https:\/\/fxoroglobal.com\/es\/\"},{\"@type\":\"ListItem\",\"position\":2,\"name\":\"Advertencia de riesgo\"}]},{\"@type\":\"WebSite\",\"@id\":\"https:\/\/fxoroglobal.com\/es\/#website\",\"url\":\"https:\/\/fxoroglobal.com\/es\/\",\"name\":\"FXoro Global ES\",\"description\":\"\",\"potentialAction\":[{\"@type\":\"SearchAction\",\"target\":{\"@type\":\"EntryPoint\",\"urlTemplate\":\"https:\/\/fxoroglobal.com\/es\/?s={search_term_string}\"},\"query-input\":{\"@type\":\"PropertyValueSpecification\",\"valueRequired\":true,\"valueName\":\"search_term_string\"}}],\"inLanguage\":\"es\"}]}<\/script>\n<!-- \/ Yoast SEO plugin. -->","yoast_head_json":{"title":"Advertencia de riesgo - FXoro Global ES","robots":{"index":"index","follow":"follow","max-snippet":"max-snippet:-1","max-image-preview":"max-image-preview:large","max-video-preview":"max-video-preview:-1"},"canonical":"https:\/\/fxoroglobal.com\/es\/advertencia-de-riesgo\/","og_locale":"es_ES","og_type":"article","og_title":"Advertencia de riesgo - FXoro Global ES","og_description":"ORO Fintech Limited es una empresa financiera constituida y registrada conforme a las leyes de la Rep\u00fablica de Seychelles con n\u00famero de registro 8425077-1 y autorizada por la Autoridad de Servicios Financieros (FSA) con n\u00famero de licencia SD046. Direcci\u00f3n: Apartamento 3, Global Village, Complejo Jivan Mont Fleuri, Mahe, Seychelles. ADVERTENCIA DE RIESGO Por la presente, [&hellip;]","og_url":"https:\/\/fxoroglobal.com\/es\/advertencia-de-riesgo\/","og_site_name":"FXoro Global ES","article_modified_time":"2025-05-26T12:49:11+00:00","twitter_card":"summary_large_image","twitter_misc":{"Tiempo de lectura":"6 minutos"},"schema":{"@context":"https:\/\/schema.org","@graph":[{"@type":"WebPage","@id":"https:\/\/fxoroglobal.com\/es\/advertencia-de-riesgo\/","url":"https:\/\/fxoroglobal.com\/es\/advertencia-de-riesgo\/","name":"Advertencia de riesgo - FXoro Global ES","isPartOf":{"@id":"https:\/\/fxoroglobal.com\/es\/#website"},"datePublished":"2024-08-22T14:08:31+00:00","dateModified":"2025-05-26T12:49:11+00:00","breadcrumb":{"@id":"https:\/\/fxoroglobal.com\/es\/advertencia-de-riesgo\/#breadcrumb"},"inLanguage":"es","potentialAction":[{"@type":"ReadAction","target":["https:\/\/fxoroglobal.com\/es\/advertencia-de-riesgo\/"]}]},{"@type":"BreadcrumbList","@id":"https:\/\/fxoroglobal.com\/es\/advertencia-de-riesgo\/#breadcrumb","itemListElement":[{"@type":"ListItem","position":1,"name":"Home","item":"https:\/\/fxoroglobal.com\/es\/"},{"@type":"ListItem","position":2,"name":"Advertencia de riesgo"}]},{"@type":"WebSite","@id":"https:\/\/fxoroglobal.com\/es\/#website","url":"https:\/\/fxoroglobal.com\/es\/","name":"FXoro Global ES","description":"","potentialAction":[{"@type":"SearchAction","target":{"@type":"EntryPoint","urlTemplate":"https:\/\/fxoroglobal.com\/es\/?s={search_term_string}"},"query-input":{"@type":"PropertyValueSpecification","valueRequired":true,"valueName":"search_term_string"}}],"inLanguage":"es"}]}},"_links":{"self":[{"href":"https:\/\/fxoroglobal.com\/es\/wp-json\/wp\/v2\/pages\/93","targetHints":{"allow":["GET"]}}],"collection":[{"href":"https:\/\/fxoroglobal.com\/es\/wp-json\/wp\/v2\/pages"}],"about":[{"href":"https:\/\/fxoroglobal.com\/es\/wp-json\/wp\/v2\/types\/page"}],"author":[{"embeddable":true,"href":"https:\/\/fxoroglobal.com\/es\/wp-json\/wp\/v2\/users\/1"}],"replies":[{"embeddable":true,"href":"https:\/\/fxoroglobal.com\/es\/wp-json\/wp\/v2\/comments?post=93"}],"version-history":[{"count":2,"href":"https:\/\/fxoroglobal.com\/es\/wp-json\/wp\/v2\/pages\/93\/revisions"}],"predecessor-version":[{"id":6717,"href":"https:\/\/fxoroglobal.com\/es\/wp-json\/wp\/v2\/pages\/93\/revisions\/6717"}],"wp:attachment":[{"href":"https:\/\/fxoroglobal.com\/es\/wp-json\/wp\/v2\/media?parent=93"}],"curies":[{"name":"wp","href":"https:\/\/api.w.org\/{rel}","templated":true}]}}