{"id":6860,"date":"2025-07-15T09:59:49","date_gmt":"2025-07-15T09:59:49","guid":{"rendered":"https:\/\/fxoroglobal.com\/es\/?page_id=6860"},"modified":"2025-07-28T09:49:59","modified_gmt":"2025-07-28T09:49:59","slug":"terminos-de-las-promociones","status":"publish","type":"page","link":"https:\/\/fxoroglobal.com\/es\/terminos-de-las-promociones\/","title":{"rendered":"T\u00c9RMINOS DE LAS PROMOCIONES PARA EL BONO DE TRADING"},"content":{"rendered":"<div class=\"xxl-box\">\n<p class=\"mt-0\">\n    Antes de reclamar un bono de trading, aseg\u00farese de leer los t\u00e9rminos aplicables a continuaci\u00f3n:\n  <\/p>\n<ul class=\"list-style-big-bullets list-style-type-disc\">\n<li>Las ofertas se aplican a todos los titulares de cuentas aprobadas; por lo tanto, aseg\u00farese de haber registrado una cuenta con FXORO Global.<\/li>\n<li>El bono de trading se concede \u00fanicamente para fines de trading y no puede retirarse ni transferirse a otras cuentas.<\/li>\n<li>En caso de que la cuenta de trading del Cliente quede inactiva, el bono de trading otorgado ser\u00e1 cancelado de la cuenta del Cliente Elegible.<\/li>\n<li>Ciertas ofertas promocionales tienen condiciones particulares. Por lo tanto, antes de reclamar la oferta, aseg\u00farese de haber le\u00eddo las condiciones de cada Promoci\u00f3n.<\/li>\n<li>Para reclamar un bono de trading, se aplican los siguientes requisitos de dep\u00f3sito: dep\u00f3sito m\u00ednimo de 100 EUR (o la moneda base de la cuenta de trading) y dep\u00f3sito m\u00e1ximo de 10.000 EUR (o la moneda base de la cuenta de trading).<\/li>\n<li>Cada cliente tiene derecho a participar solo en una promoci\u00f3n por cuenta a la vez. Esto aplica en caso de que FXORO Global ejecute m\u00faltiples promociones al mismo tiempo.<\/li>\n<li>FXORO Global se reserva el derecho de descalificar a cualquier Cliente (participante) si existe sospecha de uso indebido o abuso.<\/li>\n<li>FXORO Global se reserva el derecho de cambiar\/modificar los T\u00e9rminos de esta Promoci\u00f3n o cancelar cualquier t\u00e9rmino y\/o la Promoci\u00f3n completa en cualquier momento.<\/li>\n<\/ul>\n<\/div>\n","protected":false},"excerpt":{"rendered":"<p>Antes de reclamar un bono de trading, aseg\u00farese de leer los t\u00e9rminos aplicables a continuaci\u00f3n: Las ofertas se aplican a todos los titulares de cuentas aprobadas; por lo tanto, aseg\u00farese de haber registrado una cuenta con FXORO Global. El bono de trading se concede \u00fanicamente para fines de trading y no puede retirarse ni transferirse [&hellip;]<\/p>\n","protected":false},"author":2,"featured_media":0,"parent":0,"menu_order":0,"comment_status":"closed","ping_status":"closed","template":"page-templates\/StandardPage.php","meta":{"_acf_changed":false,"footnotes":""},"class_list":["post-6860","page","type-page","status-publish","hentry"],"acf":[],"yoast_head":"<!-- This site is optimized with the Yoast SEO plugin v25.4 - https:\/\/yoast.com\/wordpress\/plugins\/seo\/ -->\n<title>T\u00c9RMINOS DE LAS PROMOCIONES PARA EL BONO DE TRADING - FXoro Global ES<\/title>\n<meta name=\"robots\" content=\"index, follow, max-snippet:-1, max-image-preview:large, max-video-preview:-1\" \/>\n<link rel=\"canonical\" href=\"https:\/\/fxoroglobal.com\/es\/terminos-de-las-promociones\/\" \/>\n<meta property=\"og:locale\" content=\"es_ES\" \/>\n<meta property=\"og:type\" content=\"article\" \/>\n<meta property=\"og:title\" content=\"T\u00c9RMINOS DE LAS PROMOCIONES PARA EL BONO DE TRADING - FXoro Global ES\" \/>\n<meta property=\"og:description\" content=\"Antes de reclamar un bono de trading, aseg\u00farese de leer los t\u00e9rminos aplicables a continuaci\u00f3n: Las ofertas se aplican a todos los titulares de cuentas aprobadas; por lo tanto, aseg\u00farese de haber registrado una cuenta con FXORO Global. El bono de trading se concede \u00fanicamente para fines de trading y no puede retirarse ni transferirse [&hellip;]\" \/>\n<meta property=\"og:url\" content=\"https:\/\/fxoroglobal.com\/es\/terminos-de-las-promociones\/\" \/>\n<meta property=\"og:site_name\" content=\"FXoro Global ES\" \/>\n<meta property=\"article:modified_time\" content=\"2025-07-28T09:49:59+00:00\" \/>\n<meta name=\"twitter:card\" content=\"summary_large_image\" \/>\n<meta name=\"twitter:label1\" content=\"Tiempo de lectura\" \/>\n\t<meta name=\"twitter:data1\" content=\"2 minutos\" \/>\n<script type=\"application\/ld+json\" class=\"yoast-schema-graph\">{\"@context\":\"https:\/\/schema.org\",\"@graph\":[{\"@type\":\"WebPage\",\"@id\":\"https:\/\/fxoroglobal.com\/es\/terminos-de-las-promociones\/\",\"url\":\"https:\/\/fxoroglobal.com\/es\/terminos-de-las-promociones\/\",\"name\":\"T\u00c9RMINOS DE LAS PROMOCIONES PARA EL BONO DE TRADING - FXoro Global ES\",\"isPartOf\":{\"@id\":\"https:\/\/fxoroglobal.com\/es\/#website\"},\"datePublished\":\"2025-07-15T09:59:49+00:00\",\"dateModified\":\"2025-07-28T09:49:59+00:00\",\"breadcrumb\":{\"@id\":\"https:\/\/fxoroglobal.com\/es\/terminos-de-las-promociones\/#breadcrumb\"},\"inLanguage\":\"es\",\"potentialAction\":[{\"@type\":\"ReadAction\",\"target\":[\"https:\/\/fxoroglobal.com\/es\/terminos-de-las-promociones\/\"]}]},{\"@type\":\"BreadcrumbList\",\"@id\":\"https:\/\/fxoroglobal.com\/es\/terminos-de-las-promociones\/#breadcrumb\",\"itemListElement\":[{\"@type\":\"ListItem\",\"position\":1,\"name\":\"Home\",\"item\":\"https:\/\/fxoroglobal.com\/es\/\"},{\"@type\":\"ListItem\",\"position\":2,\"name\":\"T\u00c9RMINOS DE LAS PROMOCIONES PARA EL BONO DE TRADING\"}]},{\"@type\":\"WebSite\",\"@id\":\"https:\/\/fxoroglobal.com\/es\/#website\",\"url\":\"https:\/\/fxoroglobal.com\/es\/\",\"name\":\"FXoro Global ES\",\"description\":\"\",\"potentialAction\":[{\"@type\":\"SearchAction\",\"target\":{\"@type\":\"EntryPoint\",\"urlTemplate\":\"https:\/\/fxoroglobal.com\/es\/?s={search_term_string}\"},\"query-input\":{\"@type\":\"PropertyValueSpecification\",\"valueRequired\":true,\"valueName\":\"search_term_string\"}}],\"inLanguage\":\"es\"}]}<\/script>\n<!-- \/ Yoast SEO plugin. -->","yoast_head_json":{"title":"T\u00c9RMINOS DE LAS PROMOCIONES PARA EL BONO DE TRADING - FXoro Global ES","robots":{"index":"index","follow":"follow","max-snippet":"max-snippet:-1","max-image-preview":"max-image-preview:large","max-video-preview":"max-video-preview:-1"},"canonical":"https:\/\/fxoroglobal.com\/es\/terminos-de-las-promociones\/","og_locale":"es_ES","og_type":"article","og_title":"T\u00c9RMINOS DE LAS PROMOCIONES PARA EL BONO DE TRADING - FXoro Global ES","og_description":"Antes de reclamar un bono de trading, aseg\u00farese de leer los t\u00e9rminos aplicables a continuaci\u00f3n: Las ofertas se aplican a todos los titulares de cuentas aprobadas; por lo tanto, aseg\u00farese de haber registrado una cuenta con FXORO Global. El bono de trading se concede \u00fanicamente para fines de trading y no puede retirarse ni transferirse [&hellip;]","og_url":"https:\/\/fxoroglobal.com\/es\/terminos-de-las-promociones\/","og_site_name":"FXoro Global ES","article_modified_time":"2025-07-28T09:49:59+00:00","twitter_card":"summary_large_image","twitter_misc":{"Tiempo de lectura":"2 minutos"},"schema":{"@context":"https:\/\/schema.org","@graph":[{"@type":"WebPage","@id":"https:\/\/fxoroglobal.com\/es\/terminos-de-las-promociones\/","url":"https:\/\/fxoroglobal.com\/es\/terminos-de-las-promociones\/","name":"T\u00c9RMINOS DE LAS PROMOCIONES PARA EL BONO DE TRADING - FXoro Global ES","isPartOf":{"@id":"https:\/\/fxoroglobal.com\/es\/#website"},"datePublished":"2025-07-15T09:59:49+00:00","dateModified":"2025-07-28T09:49:59+00:00","breadcrumb":{"@id":"https:\/\/fxoroglobal.com\/es\/terminos-de-las-promociones\/#breadcrumb"},"inLanguage":"es","potentialAction":[{"@type":"ReadAction","target":["https:\/\/fxoroglobal.com\/es\/terminos-de-las-promociones\/"]}]},{"@type":"BreadcrumbList","@id":"https:\/\/fxoroglobal.com\/es\/terminos-de-las-promociones\/#breadcrumb","itemListElement":[{"@type":"ListItem","position":1,"name":"Home","item":"https:\/\/fxoroglobal.com\/es\/"},{"@type":"ListItem","position":2,"name":"T\u00c9RMINOS DE LAS PROMOCIONES PARA EL BONO DE TRADING"}]},{"@type":"WebSite","@id":"https:\/\/fxoroglobal.com\/es\/#website","url":"https:\/\/fxoroglobal.com\/es\/","name":"FXoro Global ES","description":"","potentialAction":[{"@type":"SearchAction","target":{"@type":"EntryPoint","urlTemplate":"https:\/\/fxoroglobal.com\/es\/?s={search_term_string}"},"query-input":{"@type":"PropertyValueSpecification","valueRequired":true,"valueName":"search_term_string"}}],"inLanguage":"es"}]}},"_links":{"self":[{"href":"https:\/\/fxoroglobal.com\/es\/wp-json\/wp\/v2\/pages\/6860","targetHints":{"allow":["GET"]}}],"collection":[{"href":"https:\/\/fxoroglobal.com\/es\/wp-json\/wp\/v2\/pages"}],"about":[{"href":"https:\/\/fxoroglobal.com\/es\/wp-json\/wp\/v2\/types\/page"}],"author":[{"embeddable":true,"href":"https:\/\/fxoroglobal.com\/es\/wp-json\/wp\/v2\/users\/2"}],"replies":[{"embeddable":true,"href":"https:\/\/fxoroglobal.com\/es\/wp-json\/wp\/v2\/comments?post=6860"}],"version-history":[{"count":2,"href":"https:\/\/fxoroglobal.com\/es\/wp-json\/wp\/v2\/pages\/6860\/revisions"}],"predecessor-version":[{"id":6877,"href":"https:\/\/fxoroglobal.com\/es\/wp-json\/wp\/v2\/pages\/6860\/revisions\/6877"}],"wp:attachment":[{"href":"https:\/\/fxoroglobal.com\/es\/wp-json\/wp\/v2\/media?parent=6860"}],"curies":[{"name":"wp","href":"https:\/\/api.w.org\/{rel}","templated":true}]}}