{"id":67,"date":"2024-08-22T14:06:09","date_gmt":"2024-08-22T14:06:09","guid":{"rendered":"http:\/\/localhost\/wp-multisite\/?page_id=67"},"modified":"2025-05-22T13:58:09","modified_gmt":"2025-05-22T13:58:09","slug":"trading-central","status":"publish","type":"page","link":"https:\/\/fxoroglobal.com\/es\/trading-central\/","title":{"rendered":"TRADING CENTRAL"},"content":{"rendered":"\n<section>\n  <div class=\"normal-container\">\n    <div class=\"container row\">\n      <div class=\"xxl-box\">\n        <p class=\"mt-0\">\n          <strong>FXORO<\/strong> Global se complace en anunciar nuestra\n          colaboraci\u00f3n con Trading Central, una empresa mundialmente reconocida\n          y galardonada, para\n          <strong>ofrecerle herramientas de negociaci\u00f3n sofisticadas y\n            eficaces<\/strong>\n          a medida para optimizar sus estrategias de negociaci\u00f3n.\n        <\/p>\n        <p>\n          Trading Central se ha convertido en los \u00faltimos a\u00f1os en la plataforma\n          preferida por multitud de operadores de todo el mundo. El atractivo de\n          la plataforma reside en su amplio repositorio de recursos y\n          herramientas de negociaci\u00f3n,\n          <strong>incluyendo an\u00e1lisis en profundidad, art\u00edculos informativos,\n            seminarios web y una vibrante comunidad de operadores e\n            inversores<\/strong>.\n        <\/p>\n        <p>\n          <strong>Explore la gama de servicios de Trading Central que ofrece FXORO Global haciendo clic en los siguientes iconos.<\/strong>\n        <\/p>\n      <\/div>\n    <\/div>\n  <\/div>\n<\/section>\n<section>\n  <div class=\"normal-container\">\n    <div class=\"container row flex\">\n      <div class=\"round-buttons-wrap\">\n        <div class=\"round-dots-button\">\n          <a class=\"round-button\" href=\"https:\/\/fxoroglobal.com\/es\/technical-view\/\">\n            <p class=\"title text-dark-blue\">\n              TECHNICAL<br \/>\n              VIEWS\n            <\/p>\n            <p class=\"number text-orange\">1<\/p>\n          <\/a>\n          <img decoding=\"async\"\n            loading=\"lazy\"\n            class=\"orange-arrow\"\n            src=\"\/wp-content\/themes\/Fxoro-2023\/assets\/imgs\/orange arrow.svg\"\n            alt=\"orange-arrow\"\n          \/>\n        <\/div>\n      <\/div>\n      <div class=\"round-buttons-wrap\">\n        <div class=\"round-dots-button\">\n          <img decoding=\"async\"\n            loading=\"lazy\"\n            class=\"yellow-arrow\"\n            src=\"\/wp-content\/themes\/Fxoro-2023\/assets\/imgs\/yellow arrow.svg\"\n            alt=\"yellow-arrow\"\n          \/>\n          <a class=\"round-button\" href=\"https:\/\/fxoroglobal.com\/es\/alpha-generation\/\">\n            <p class=\"title text-dark-blue\">ALPHA<br \/>GENERATION<\/p>\n            <p class=\"number text-yellow\">2<\/p>\n          <\/a>\n        <\/div>\n      <\/div>\n      <div class=\"round-buttons-wrap\">\n        <div class=\"round-dots-button\">\n          <a class=\"round-button\" href=\"https:\/\/fxoroglobal.com\/es\/tc-market-buzz\/\">\n            <p class=\"title text-dark-blue\">TC MARKET<br \/>BUZZ<\/p>\n            <p class=\"number text-black\">3<\/p>\n          <\/a>\n          <img decoding=\"async\"\n            loading=\"lazy\"\n            class=\"black-arrow\"\n            src=\"\/wp-content\/themes\/Fxoro-2023\/assets\/imgs\/black arrow.svg\"\n            alt=\"black-arrow\"\n          \/>\n        <\/div>\n      <\/div>\n      <div class=\"round-buttons-wrap\">\n        <div class=\"round-dots-button\">\n          <img decoding=\"async\"\n            loading=\"lazy\"\n            class=\"blue-arrow\"\n            src=\"\/wp-content\/themes\/Fxoro-2023\/assets\/imgs\/blue arrow.svg\"\n            alt=\"blue-arrow\"\n          \/>\n          <a class=\"round-button\" href=\"https:\/\/fxoroglobal.com\/es\/tc-newsletter\/\">\n            <p class=\"title text-dark-blue\">TC<br \/>NEWSLETTER<\/p>\n            <p class=\"number text-dark-blue\">4<\/p>\n          <\/a>\n        <\/div>\n      <\/div>\n      <div class=\"round-buttons-wrap\">\n        <div class=\"round-dots-button\">\n          <a class=\"round-button\" href=\"https:\/\/fxoroglobal.com\/es\/web-tv\/\">\n            <p class=\"title text-dark-blue\">WEB<br \/>TV<\/p>\n            <p class=\"number text-black\">5<\/p>\n          <\/a>\n          <img decoding=\"async\"\n            loading=\"lazy\"\n            class=\"black-line\"\n            src=\"\/wp-content\/themes\/Fxoro-2023\/assets\/imgs\/black closed line.svg\"\n            alt=\"black-line\"\n          \/>\n        <\/div>\n      <\/div>\n    <\/div>\n  <\/div>\n<\/section>\n<section>\n  <div class=\"normal-container\">\n    <div class=\"container row\">\n      <div class=\"xxl-box\">\n        <p class=\"mt-0 text-italic\">\n          <strong>Descargo de responsabilidad:<\/strong> Cualquier dato, caracter\u00edstica o rendimiento proporcionado aqu\u00ed tiene \u00fanicamente fines informativos y, bajo ninguna circunstancia, FXORO Global ofrece ni tiene la intenci\u00f3n de ofrecer asesoramiento en materia de inversiones y\/o trading, ni de alentar y\/o solicitar a clientes potenciales o existentes que utilicen y\/o se suscriban a cualquiera de los servicios\/caracter\u00edsticas aqu\u00ed descritos. El cliente es el \u00fanico responsable de su actividad de trading, incluida la elecci\u00f3n del instrumento financiero, del proveedor de se\u00f1ales y de la estrategia de trading. Los rendimientos pasados no son un indicador de resultados futuros.\n        <\/p>\n      <\/div>\n    <\/div>\n  <\/div>\n<\/section>\n","protected":false},"excerpt":{"rendered":"<p>FXORO Global se complace en anunciar nuestra colaboraci\u00f3n con Trading Central, una empresa mundialmente reconocida y galardonada, para ofrecerle herramientas de negociaci\u00f3n sofisticadas y eficaces a medida para optimizar sus estrategias de negociaci\u00f3n. Trading Central se ha convertido en los \u00faltimos a\u00f1os en la plataforma preferida por multitud de operadores de todo el mundo. El [&hellip;]<\/p>\n","protected":false},"author":1,"featured_media":0,"parent":0,"menu_order":0,"comment_status":"closed","ping_status":"closed","template":"page-templates\/TradingCentral.php","meta":{"_acf_changed":false,"footnotes":""},"class_list":["post-67","page","type-page","status-publish","hentry"],"acf":[],"yoast_head":"<!-- This site is optimized with the Yoast SEO plugin v25.4 - https:\/\/yoast.com\/wordpress\/plugins\/seo\/ -->\n<title>TRADING CENTRAL - FXoro Global ES<\/title>\n<meta name=\"robots\" content=\"index, follow, max-snippet:-1, max-image-preview:large, max-video-preview:-1\" \/>\n<link rel=\"canonical\" href=\"https:\/\/fxoroglobal.com\/es\/trading-central\/\" \/>\n<meta property=\"og:locale\" content=\"es_ES\" \/>\n<meta property=\"og:type\" content=\"article\" \/>\n<meta property=\"og:title\" content=\"TRADING CENTRAL - FXoro Global ES\" \/>\n<meta property=\"og:description\" content=\"FXORO Global se complace en anunciar nuestra colaboraci\u00f3n con Trading Central, una empresa mundialmente reconocida y galardonada, para ofrecerle herramientas de negociaci\u00f3n sofisticadas y eficaces a medida para optimizar sus estrategias de negociaci\u00f3n. Trading Central se ha convertido en los \u00faltimos a\u00f1os en la plataforma preferida por multitud de operadores de todo el mundo. El [&hellip;]\" \/>\n<meta property=\"og:url\" content=\"https:\/\/fxoroglobal.com\/es\/trading-central\/\" \/>\n<meta property=\"og:site_name\" content=\"FXoro Global ES\" \/>\n<meta property=\"article:modified_time\" content=\"2025-05-22T13:58:09+00:00\" \/>\n<meta name=\"twitter:card\" content=\"summary_large_image\" \/>\n<meta name=\"twitter:label1\" content=\"Tiempo de lectura\" \/>\n\t<meta name=\"twitter:data1\" content=\"1 minuto\" \/>\n<script type=\"application\/ld+json\" class=\"yoast-schema-graph\">{\"@context\":\"https:\/\/schema.org\",\"@graph\":[{\"@type\":\"WebPage\",\"@id\":\"https:\/\/fxoroglobal.com\/es\/trading-central\/\",\"url\":\"https:\/\/fxoroglobal.com\/es\/trading-central\/\",\"name\":\"TRADING CENTRAL - FXoro Global ES\",\"isPartOf\":{\"@id\":\"https:\/\/fxoroglobal.com\/es\/#website\"},\"datePublished\":\"2024-08-22T14:06:09+00:00\",\"dateModified\":\"2025-05-22T13:58:09+00:00\",\"breadcrumb\":{\"@id\":\"https:\/\/fxoroglobal.com\/es\/trading-central\/#breadcrumb\"},\"inLanguage\":\"es\",\"potentialAction\":[{\"@type\":\"ReadAction\",\"target\":[\"https:\/\/fxoroglobal.com\/es\/trading-central\/\"]}]},{\"@type\":\"BreadcrumbList\",\"@id\":\"https:\/\/fxoroglobal.com\/es\/trading-central\/#breadcrumb\",\"itemListElement\":[{\"@type\":\"ListItem\",\"position\":1,\"name\":\"Home\",\"item\":\"https:\/\/fxoroglobal.com\/es\/\"},{\"@type\":\"ListItem\",\"position\":2,\"name\":\"TRADING CENTRAL\"}]},{\"@type\":\"WebSite\",\"@id\":\"https:\/\/fxoroglobal.com\/es\/#website\",\"url\":\"https:\/\/fxoroglobal.com\/es\/\",\"name\":\"FXoro Global ES\",\"description\":\"\",\"potentialAction\":[{\"@type\":\"SearchAction\",\"target\":{\"@type\":\"EntryPoint\",\"urlTemplate\":\"https:\/\/fxoroglobal.com\/es\/?s={search_term_string}\"},\"query-input\":{\"@type\":\"PropertyValueSpecification\",\"valueRequired\":true,\"valueName\":\"search_term_string\"}}],\"inLanguage\":\"es\"}]}<\/script>\n<!-- \/ Yoast SEO plugin. -->","yoast_head_json":{"title":"TRADING CENTRAL - FXoro Global ES","robots":{"index":"index","follow":"follow","max-snippet":"max-snippet:-1","max-image-preview":"max-image-preview:large","max-video-preview":"max-video-preview:-1"},"canonical":"https:\/\/fxoroglobal.com\/es\/trading-central\/","og_locale":"es_ES","og_type":"article","og_title":"TRADING CENTRAL - FXoro Global ES","og_description":"FXORO Global se complace en anunciar nuestra colaboraci\u00f3n con Trading Central, una empresa mundialmente reconocida y galardonada, para ofrecerle herramientas de negociaci\u00f3n sofisticadas y eficaces a medida para optimizar sus estrategias de negociaci\u00f3n. Trading Central se ha convertido en los \u00faltimos a\u00f1os en la plataforma preferida por multitud de operadores de todo el mundo. El [&hellip;]","og_url":"https:\/\/fxoroglobal.com\/es\/trading-central\/","og_site_name":"FXoro Global ES","article_modified_time":"2025-05-22T13:58:09+00:00","twitter_card":"summary_large_image","twitter_misc":{"Tiempo de lectura":"1 minuto"},"schema":{"@context":"https:\/\/schema.org","@graph":[{"@type":"WebPage","@id":"https:\/\/fxoroglobal.com\/es\/trading-central\/","url":"https:\/\/fxoroglobal.com\/es\/trading-central\/","name":"TRADING CENTRAL - FXoro Global ES","isPartOf":{"@id":"https:\/\/fxoroglobal.com\/es\/#website"},"datePublished":"2024-08-22T14:06:09+00:00","dateModified":"2025-05-22T13:58:09+00:00","breadcrumb":{"@id":"https:\/\/fxoroglobal.com\/es\/trading-central\/#breadcrumb"},"inLanguage":"es","potentialAction":[{"@type":"ReadAction","target":["https:\/\/fxoroglobal.com\/es\/trading-central\/"]}]},{"@type":"BreadcrumbList","@id":"https:\/\/fxoroglobal.com\/es\/trading-central\/#breadcrumb","itemListElement":[{"@type":"ListItem","position":1,"name":"Home","item":"https:\/\/fxoroglobal.com\/es\/"},{"@type":"ListItem","position":2,"name":"TRADING CENTRAL"}]},{"@type":"WebSite","@id":"https:\/\/fxoroglobal.com\/es\/#website","url":"https:\/\/fxoroglobal.com\/es\/","name":"FXoro Global ES","description":"","potentialAction":[{"@type":"SearchAction","target":{"@type":"EntryPoint","urlTemplate":"https:\/\/fxoroglobal.com\/es\/?s={search_term_string}"},"query-input":{"@type":"PropertyValueSpecification","valueRequired":true,"valueName":"search_term_string"}}],"inLanguage":"es"}]}},"_links":{"self":[{"href":"https:\/\/fxoroglobal.com\/es\/wp-json\/wp\/v2\/pages\/67","targetHints":{"allow":["GET"]}}],"collection":[{"href":"https:\/\/fxoroglobal.com\/es\/wp-json\/wp\/v2\/pages"}],"about":[{"href":"https:\/\/fxoroglobal.com\/es\/wp-json\/wp\/v2\/types\/page"}],"author":[{"embeddable":true,"href":"https:\/\/fxoroglobal.com\/es\/wp-json\/wp\/v2\/users\/1"}],"replies":[{"embeddable":true,"href":"https:\/\/fxoroglobal.com\/es\/wp-json\/wp\/v2\/comments?post=67"}],"version-history":[{"count":5,"href":"https:\/\/fxoroglobal.com\/es\/wp-json\/wp\/v2\/pages\/67\/revisions"}],"predecessor-version":[{"id":6789,"href":"https:\/\/fxoroglobal.com\/es\/wp-json\/wp\/v2\/pages\/67\/revisions\/6789"}],"wp:attachment":[{"href":"https:\/\/fxoroglobal.com\/es\/wp-json\/wp\/v2\/media?parent=67"}],"curies":[{"name":"wp","href":"https:\/\/api.w.org\/{rel}","templated":true}]}}