{"id":6585,"date":"2025-05-02T08:47:34","date_gmt":"2025-05-02T08:47:34","guid":{"rendered":"https:\/\/fxoroglobal.com\/es\/?page_id=6585"},"modified":"2025-05-02T08:49:35","modified_gmt":"2025-05-02T08:49:35","slug":"politica-de-privacidad-y-seguridad","status":"publish","type":"page","link":"https:\/\/fxoroglobal.com\/es\/politica-de-privacidad-y-seguridad\/","title":{"rendered":"Pol\u00edtica de privacidad y seguridad"},"content":{"rendered":"\n<p>ORO FINTECH LTD (\u00abla Compa\u00f1\u00eda\u00bb) se compromete a proteger la privacidad y confidencialidad de los datos personales obtenidos del Cliente, de conformidad con los requisitos legales aplicables. La Compa\u00f1\u00eda recopilar\u00e1 datos solo en la medida en que sea necesario para la relaci\u00f3n comercial con el Cliente.<\/p>\n\n\n\n<p>Esta Pol\u00edtica de privacidad y seguridad explica c\u00f3mo la Compa\u00f1\u00eda recopila, mantiene, usa y transmite datos personales sobre el Cliente, incluidos los datos recopilados durante las visitas del Cliente a nuestros sitios web.<\/p>\n\n\n\n<h4 class=\"wp-block-heading\">Recopilaci\u00f3n y uso de datos personales del cliente<\/h4>\n\n\n\n<p>El Cliente debe proporcionar a la Compa\u00f1\u00eda los datos personales necesarios para el establecimiento de la relaci\u00f3n comercial, la prestaci\u00f3n de servicios y el acceso a las cuentas comerciales y la actividad. Los datos proporcionados durante el proceso de registro pueden incluir, entre otros; Fecha de nacimiento del cliente, nombre completo y apellido, direcci\u00f3n residencial y \/ o comercial completa, informaci\u00f3n disponible en los documentos de identificaci\u00f3n del cliente (es decir, pasaporte \/ tarjeta de identificaci\u00f3n), informaci\u00f3n de contacto (es decir, n\u00famero de tel\u00e9fono m\u00f3vil, direcci\u00f3n de correo electr\u00f3nico). Esta informaci\u00f3n permite a la Compa\u00f1\u00eda identificar y verificar al Cliente, activar y proporcionar al Cliente una cuenta comercial y un c\u00f3digo \/ contrase\u00f1a de acceso y comunicarse con el Cliente y brindar informaci\u00f3n sobre los servicios, productos y promociones disponibles.<\/p>\n\n\n\n<p>La Compa\u00f1\u00eda tambi\u00e9n obtiene informaci\u00f3n del uso que hace el Cliente de sus sitios web, interfaces dedicadas o canales de comunicaci\u00f3n, software comercial o plataformas proporcionadas. Esta informaci\u00f3n puede incluir \u00e1reas del sitio visitadas, p\u00e1ginas visitadas, frecuencia y duraci\u00f3n de las visitas, direcci\u00f3n de Protocolo de Internet (IP), par\u00e1metros de identificaci\u00f3n de la computadora, tipos de transacciones realizadas, documentos descargados, clics del mouse, movimientos del mouse y actividad de desplazamiento.<\/p>\n\n\n\n<p>La Compa\u00f1\u00eda recopila informaci\u00f3n estad\u00edstica an\u00f3nima para asegurarse de que satisface las necesidades de sus clientes. Al recopilar dichos datos, la Compa\u00f1\u00eda puede monitorear y mejorar los servicios ofrecidos a los clientes existentes y potenciales. La Compa\u00f1\u00eda puede compartir dicha informaci\u00f3n con terceros.<\/p>\n\n\n\n<h4 class=\"wp-block-heading\">Actualizaci\u00f3n de la informaci\u00f3n del cliente<\/h4>\n\n\n\n<p>Durante la relaci\u00f3n comercial del Cliente con la Compa\u00f1\u00eda, se le puede solicitar al Cliente que proporcione los datos personales necesarios para el mantenimiento de dicha relaci\u00f3n, incluido cualquier documento de identificaci\u00f3n renovado, informaci\u00f3n de contacto actualizada.<\/p>\n\n\n\n<p>Adem\u00e1s, el Cliente puede informar a la Compa\u00f1\u00eda de cualquier cambio en los datos personales. La Compa\u00f1\u00eda cambiar\u00e1 la informaci\u00f3n personal del Cliente de acuerdo con las instrucciones del Cliente y eliminar\u00e1 la informaci\u00f3n obtenida previamente, excepto en la medida en que la Compa\u00f1\u00eda est\u00e9 obligada a conservar los datos personales relevantes para fines reglamentarios o legales y \/ o para proporcionar al Cliente los servicios solicitados. o para conservar registros comerciales.<\/p>\n\n\n\n<h4 class=\"wp-block-heading\">Transferencia de datos a terceros<\/h4>\n\n\n\n<p>Los datos personales pueden ser transferidos por la Compa\u00f1\u00eda a terceros ubicados en el Espacio Econ\u00f3mico Europeo, as\u00ed como en el Espacio Econ\u00f3mico no europeo, solo para los fines descritos en esta Pol\u00edtica.<\/p>\n\n\n\n<p>Los terceros pueden incluir contadores, auditores, consultores legales, bancos y otras instituciones de cr\u00e9dito, sistemas de pago y proveedores de servicios de pago, agencias de marketing y atenci\u00f3n al cliente, proveedores de servicios con los que la empresa mantiene una relaci\u00f3n contractual y entidades dentro del mismo grupo de empresas que la Empresa.<\/p>\n\n\n\n<p>A los efectos de la identificaci\u00f3n y verificaci\u00f3n de la identidad del Cliente, la Compa\u00f1\u00eda transmitir\u00e1 los datos del Cliente a un proveedor de servicios externo autorizado para realizar dicha identificaci\u00f3n, de conformidad con los requisitos reglamentarios pertinentes. La Compa\u00f1\u00eda garantizar\u00e1 la privacidad y confidencialidad de los datos transmitidos.<\/p>\n\n\n\n<p>La Compa\u00f1\u00eda se reserva el derecho de transferir los datos personales del Cliente a terceros si as\u00ed lo indica cualquier autoridad reguladora, agencia p\u00fablica, unidad de inteligencia financiera, polic\u00eda, oficina gubernamental, autoridad fiscal, organismos encargados de hacer cumplir la ley, o si as\u00ed lo exige la ley, o en caso de que la Compa\u00f1\u00eda considera que compartir informaci\u00f3n es necesario para prevenir da\u00f1os f\u00edsicos inminentes o da\u00f1os a la propiedad y \/ o personas.<\/p>\n\n\n\n<p>La transferencia de datos a entidades dentro del mismo grupo de Compa\u00f1\u00edas que la Compa\u00f1\u00eda ser\u00e1 limitada y solo si es necesario, para la prestaci\u00f3n de servicios al Cliente.<\/p>\n\n\n\n<p>Al proceder al establecimiento de una relaci\u00f3n comercial, el Cliente da su consentimiento expreso e inequ\u00edvoco a dicha transferencia.<\/p>\n\n\n\n<h4 class=\"wp-block-heading\">Cookies<\/h4>\n\n\n\n<p>Las cookies son peque\u00f1os archivos de informaci\u00f3n, que a menudo incluyen un n\u00famero o valor de identificaci\u00f3n \u00fanico, que se almacenan en el disco duro de la computadora como resultado del uso por parte del Cliente del sitio web de la Compa\u00f1\u00eda y \/ o software comercial. La Compa\u00f1\u00eda utiliza cookies para el funcionamiento y mantenimiento efectivos de su sitio web.<\/p>\n\n\n\n<p>La Compa\u00f1\u00eda puede utilizar tanto cookies de identificaci\u00f3n de sesi\u00f3n como cookies persistentes. Una cookie de identificaci\u00f3n de sesi\u00f3n caduca cuando el Cliente cierra el navegador. Una cookie persistente permanece en el disco duro del Cliente durante un per\u00edodo de tiempo prolongado. Las cookies persistentes permiten a la Compa\u00f1\u00eda rastrear y orientar la ubicaci\u00f3n y los intereses de los visitantes del sitio web y mejorar su experiencia al visitar el sitio web de la Compa\u00f1\u00eda. Los terceros que puedan tener acceso a los sitios web de la Compa\u00f1\u00eda para soporte tecnol\u00f3gico, pueden usar sus propias cookies.<\/p>\n\n\n\n<h4 class=\"wp-block-heading\">Seguridad<\/h4>\n\n\n\n<p>La Compa\u00f1\u00eda se esfuerza por mantener las salvaguardas adecuadas a fin de garantizar que la seguridad, integridad y privacidad de los datos y la informaci\u00f3n personal que el Cliente ha proporcionado no se utilice indebidamente. Si bien estos sistemas y procedimientos reducen el riesgo de violaciones de seguridad, no brindan una seguridad absoluta. Por lo tanto, la Compa\u00f1\u00eda no puede garantizar que los servicios sean inmunes a cualquier irregularidad, mal funcionamiento, intercepciones ilegales o acceso no autorizado a la informaci\u00f3n almacenada all\u00ed y a otros riesgos de seguridad de la informaci\u00f3n, o que las comunicaciones privadas del Cliente o trav\u00e9s del sitio web de la Compa\u00f1\u00eda (incluyendo interfaces de comunicaci\u00f3n) permanecer\u00e1n privadas.<\/p>\n\n\n\n<h4 class=\"wp-block-heading\">Actualizaci\u00f3n de la informaci\u00f3n del cliente<\/h4>\n\n\n\n<p>El Cliente puede informar a la Compa\u00f1\u00eda de cualquier cambio en los datos personales. La Compa\u00f1\u00eda cambiar\u00e1 la informaci\u00f3n personal del Cliente de acuerdo con las instrucciones del Cliente y eliminar\u00e1 la informaci\u00f3n obtenida previamente, excepto en la medida en que la Compa\u00f1\u00eda est\u00e9 obligada a conservar los datos personales relevantes para fines reglamentarios o legales y \/ o para proporcionar al Cliente los servicios solicitados. o para conservar registros comerciales.<\/p>\n\n\n\n<h4 class=\"wp-block-heading\">Enlaces<\/h4>\n\n\n\n<p>Cuando el Cliente utiliza el sitio web de la Compa\u00f1\u00eda, es posible que pueda vincularlo a otros sitios web. Esta Pol\u00edtica de privacidad y seguridad no se aplica a esos otros sitios. La Compa\u00f1\u00eda no es responsable de ninguna informaci\u00f3n personal recopilada por terceros a trav\u00e9s de esos otros sitios.<\/p>\n\n\n\n<h4 class=\"wp-block-heading\">Cumplimiento y enmiendas<\/h4>\n\n\n\n<p>El Cliente al continuar con el proceso de registro acepta y consiente todas las disposiciones establecidas en esta Pol\u00edtica, incluida la recopilaci\u00f3n, retenci\u00f3n y uso de datos personales y transmisi\u00f3n a terceros.<\/p>\n\n\n\n<p>La Compa\u00f1\u00eda puede cambiar y actualizar los t\u00e9rminos de esta Pol\u00edtica de vez en cuando. La versi\u00f3n m\u00e1s reciente estar\u00e1 disponible en el sitio web de la Compa\u00f1\u00eda. Se recomienda al cliente que visite el sitio web con frecuencia para familiarizarse con la informaci\u00f3n actualizada con respecto a los datos personales.<\/p>\n\n\n\n<p>Si el Cliente tiene alguna pregunta o inquietud con respecto a esta Pol\u00edtica de privacidad y seguridad y la aplicaci\u00f3n de la misma, puede remitirla a:\u00a0<a href=\"mailto:compliance@fxoroglobal.com\">compliance@fxoroglobal.com<\/a><\/p>\n","protected":false},"excerpt":{"rendered":"<p>ORO FINTECH LTD (\u00abla Compa\u00f1\u00eda\u00bb) se compromete a proteger la privacidad y confidencialidad de los datos personales obtenidos del Cliente, de conformidad con los requisitos legales aplicables. La Compa\u00f1\u00eda recopilar\u00e1 datos solo en la medida en que sea necesario para la relaci\u00f3n comercial con el Cliente. Esta Pol\u00edtica de privacidad y seguridad explica c\u00f3mo la [&hellip;]<\/p>\n","protected":false},"author":1,"featured_media":0,"parent":0,"menu_order":0,"comment_status":"closed","ping_status":"closed","template":"page-templates\/StandardPage.php","meta":{"_acf_changed":false,"footnotes":""},"class_list":["post-6585","page","type-page","status-publish","hentry"],"acf":[],"yoast_head":"<!-- This site is optimized with the Yoast SEO plugin v25.4 - https:\/\/yoast.com\/wordpress\/plugins\/seo\/ -->\n<title>Pol\u00edtica de privacidad y seguridad - FXoro Global ES<\/title>\n<meta name=\"robots\" content=\"index, follow, max-snippet:-1, max-image-preview:large, max-video-preview:-1\" \/>\n<link rel=\"canonical\" href=\"https:\/\/fxoroglobal.com\/es\/politica-de-privacidad-y-seguridad\/\" \/>\n<meta property=\"og:locale\" content=\"es_ES\" \/>\n<meta property=\"og:type\" content=\"article\" \/>\n<meta property=\"og:title\" content=\"Pol\u00edtica de privacidad y seguridad - FXoro Global ES\" \/>\n<meta property=\"og:description\" content=\"ORO FINTECH LTD (\u00abla Compa\u00f1\u00eda\u00bb) se compromete a proteger la privacidad y confidencialidad de los datos personales obtenidos del Cliente, de conformidad con los requisitos legales aplicables. La Compa\u00f1\u00eda recopilar\u00e1 datos solo en la medida en que sea necesario para la relaci\u00f3n comercial con el Cliente. Esta Pol\u00edtica de privacidad y seguridad explica c\u00f3mo la [&hellip;]\" \/>\n<meta property=\"og:url\" content=\"https:\/\/fxoroglobal.com\/es\/politica-de-privacidad-y-seguridad\/\" \/>\n<meta property=\"og:site_name\" content=\"FXoro Global ES\" \/>\n<meta property=\"article:modified_time\" content=\"2025-05-02T08:49:35+00:00\" \/>\n<meta name=\"twitter:card\" content=\"summary_large_image\" \/>\n<meta name=\"twitter:label1\" content=\"Tiempo de lectura\" \/>\n\t<meta name=\"twitter:data1\" content=\"7 minutos\" \/>\n<script type=\"application\/ld+json\" class=\"yoast-schema-graph\">{\"@context\":\"https:\/\/schema.org\",\"@graph\":[{\"@type\":\"WebPage\",\"@id\":\"https:\/\/fxoroglobal.com\/es\/politica-de-privacidad-y-seguridad\/\",\"url\":\"https:\/\/fxoroglobal.com\/es\/politica-de-privacidad-y-seguridad\/\",\"name\":\"Pol\u00edtica de privacidad y seguridad - FXoro Global ES\",\"isPartOf\":{\"@id\":\"https:\/\/fxoroglobal.com\/es\/#website\"},\"datePublished\":\"2025-05-02T08:47:34+00:00\",\"dateModified\":\"2025-05-02T08:49:35+00:00\",\"breadcrumb\":{\"@id\":\"https:\/\/fxoroglobal.com\/es\/politica-de-privacidad-y-seguridad\/#breadcrumb\"},\"inLanguage\":\"es\",\"potentialAction\":[{\"@type\":\"ReadAction\",\"target\":[\"https:\/\/fxoroglobal.com\/es\/politica-de-privacidad-y-seguridad\/\"]}]},{\"@type\":\"BreadcrumbList\",\"@id\":\"https:\/\/fxoroglobal.com\/es\/politica-de-privacidad-y-seguridad\/#breadcrumb\",\"itemListElement\":[{\"@type\":\"ListItem\",\"position\":1,\"name\":\"Home\",\"item\":\"https:\/\/fxoroglobal.com\/es\/\"},{\"@type\":\"ListItem\",\"position\":2,\"name\":\"Pol\u00edtica de privacidad y seguridad\"}]},{\"@type\":\"WebSite\",\"@id\":\"https:\/\/fxoroglobal.com\/es\/#website\",\"url\":\"https:\/\/fxoroglobal.com\/es\/\",\"name\":\"FXoro Global ES\",\"description\":\"\",\"potentialAction\":[{\"@type\":\"SearchAction\",\"target\":{\"@type\":\"EntryPoint\",\"urlTemplate\":\"https:\/\/fxoroglobal.com\/es\/?s={search_term_string}\"},\"query-input\":{\"@type\":\"PropertyValueSpecification\",\"valueRequired\":true,\"valueName\":\"search_term_string\"}}],\"inLanguage\":\"es\"}]}<\/script>\n<!-- \/ Yoast SEO plugin. -->","yoast_head_json":{"title":"Pol\u00edtica de privacidad y seguridad - FXoro Global ES","robots":{"index":"index","follow":"follow","max-snippet":"max-snippet:-1","max-image-preview":"max-image-preview:large","max-video-preview":"max-video-preview:-1"},"canonical":"https:\/\/fxoroglobal.com\/es\/politica-de-privacidad-y-seguridad\/","og_locale":"es_ES","og_type":"article","og_title":"Pol\u00edtica de privacidad y seguridad - FXoro Global ES","og_description":"ORO FINTECH LTD (\u00abla Compa\u00f1\u00eda\u00bb) se compromete a proteger la privacidad y confidencialidad de los datos personales obtenidos del Cliente, de conformidad con los requisitos legales aplicables. La Compa\u00f1\u00eda recopilar\u00e1 datos solo en la medida en que sea necesario para la relaci\u00f3n comercial con el Cliente. Esta Pol\u00edtica de privacidad y seguridad explica c\u00f3mo la [&hellip;]","og_url":"https:\/\/fxoroglobal.com\/es\/politica-de-privacidad-y-seguridad\/","og_site_name":"FXoro Global ES","article_modified_time":"2025-05-02T08:49:35+00:00","twitter_card":"summary_large_image","twitter_misc":{"Tiempo de lectura":"7 minutos"},"schema":{"@context":"https:\/\/schema.org","@graph":[{"@type":"WebPage","@id":"https:\/\/fxoroglobal.com\/es\/politica-de-privacidad-y-seguridad\/","url":"https:\/\/fxoroglobal.com\/es\/politica-de-privacidad-y-seguridad\/","name":"Pol\u00edtica de privacidad y seguridad - FXoro Global ES","isPartOf":{"@id":"https:\/\/fxoroglobal.com\/es\/#website"},"datePublished":"2025-05-02T08:47:34+00:00","dateModified":"2025-05-02T08:49:35+00:00","breadcrumb":{"@id":"https:\/\/fxoroglobal.com\/es\/politica-de-privacidad-y-seguridad\/#breadcrumb"},"inLanguage":"es","potentialAction":[{"@type":"ReadAction","target":["https:\/\/fxoroglobal.com\/es\/politica-de-privacidad-y-seguridad\/"]}]},{"@type":"BreadcrumbList","@id":"https:\/\/fxoroglobal.com\/es\/politica-de-privacidad-y-seguridad\/#breadcrumb","itemListElement":[{"@type":"ListItem","position":1,"name":"Home","item":"https:\/\/fxoroglobal.com\/es\/"},{"@type":"ListItem","position":2,"name":"Pol\u00edtica de privacidad y seguridad"}]},{"@type":"WebSite","@id":"https:\/\/fxoroglobal.com\/es\/#website","url":"https:\/\/fxoroglobal.com\/es\/","name":"FXoro Global ES","description":"","potentialAction":[{"@type":"SearchAction","target":{"@type":"EntryPoint","urlTemplate":"https:\/\/fxoroglobal.com\/es\/?s={search_term_string}"},"query-input":{"@type":"PropertyValueSpecification","valueRequired":true,"valueName":"search_term_string"}}],"inLanguage":"es"}]}},"_links":{"self":[{"href":"https:\/\/fxoroglobal.com\/es\/wp-json\/wp\/v2\/pages\/6585","targetHints":{"allow":["GET"]}}],"collection":[{"href":"https:\/\/fxoroglobal.com\/es\/wp-json\/wp\/v2\/pages"}],"about":[{"href":"https:\/\/fxoroglobal.com\/es\/wp-json\/wp\/v2\/types\/page"}],"author":[{"embeddable":true,"href":"https:\/\/fxoroglobal.com\/es\/wp-json\/wp\/v2\/users\/1"}],"replies":[{"embeddable":true,"href":"https:\/\/fxoroglobal.com\/es\/wp-json\/wp\/v2\/comments?post=6585"}],"version-history":[{"count":2,"href":"https:\/\/fxoroglobal.com\/es\/wp-json\/wp\/v2\/pages\/6585\/revisions"}],"predecessor-version":[{"id":6588,"href":"https:\/\/fxoroglobal.com\/es\/wp-json\/wp\/v2\/pages\/6585\/revisions\/6588"}],"wp:attachment":[{"href":"https:\/\/fxoroglobal.com\/es\/wp-json\/wp\/v2\/media?parent=6585"}],"curies":[{"name":"wp","href":"https:\/\/api.w.org\/{rel}","templated":true}]}}