{"id":58,"date":"2024-08-22T14:04:53","date_gmt":"2024-08-22T14:04:53","guid":{"rendered":"http:\/\/localhost\/wp-multisite\/?page_id=57"},"modified":"2025-05-22T12:41:35","modified_gmt":"2025-05-22T12:41:35","slug":"e-book","status":"publish","type":"page","link":"https:\/\/fxoroglobal.com\/es\/e-book\/","title":{"rendered":"LIBRO ELECTR\u00d3NICO"},"content":{"rendered":"\n<div class=\"xxl-box\">\n<h3>GU\u00cdA INTRODUCTORIA AL NEGOCIO DEL TRADING ONLINE<\/h3>\n<p class=\"mt-0\">Cada trader que ingresa al mundo del trading aprende y estructura su propia estrategia de trading. Para hacerlo\ncon el m\u00e1ximo conocimiento, debe necesariamente comprender la din\u00e1mica, los conceptos y las herramientas del trading. Sin los\nconocimientos y las habilidades adecuados es muy dif\u00edcil poner en marcha una estrategia que sea satisfactoria. Por eso, <span class=\"text-bold\">FXORO<\/span> Global ha\noptado por ofrecer a sus clientes una gu\u00eda detallada, donde puedan aprender las principales reglas y las ideas m\u00e1s importantes\nde la inversi\u00f3n en los mercados.<\/p>\n<\/div>\n<div class=\"accordion-wrap\">\n<div class=\"accordion\">\n<span class=\"icon\"><\/span><h4>GU\u00cdA DE TRADING GLOBAL DE FXORO: \u00bfQU\u00c9 ES?<\/h4>\n<\/div>\n<div class=\"panel\">\n<p><strong>La Gu\u00eda de Trading Global de FXORO<\/strong> tiene como objetivo acompa\u00f1ar al trader para lograr un buen nivel de <strong>competencia y comprensi\u00f3n de la\ndin\u00e1mica del trading<\/strong>. En detalle, esta gu\u00eda ayuda al inversor a comprender las nociones principales sobre los mercados y cu\u00e1les\nson los riesgos que se deben evitar por completo.<\/p>\n<\/div>\n<div class=\"accordion\">\n<span class=\"icon\"><\/span><h4>\u00bfQU\u00c9 CONTIENE LA GU\u00cdA DE TRADING GLOBAL DE FXORO?<\/h4>\n<\/div>\n<div class=\"panel\">\n<p><strong>La Gu\u00eda de Trading Global de FXORO<\/strong> tiene 11 secciones diferentes. Las primeras tres est\u00e1n dedicadas a una introducci\u00f3n general al mercado de divisas, la <strong>diferencia entre trading fundamental y t\u00e9cnico<\/strong> y la explicaci\u00f3n de los gr\u00e1ficos de velas, que son esenciales\npara aprender a operar correctamente.<\/p>\n<p>A continuaci\u00f3n se explican algunos conceptos muy importantes, como tendencias, soporte, resistencia, marcos temporales e indicadores t\u00e9cnicos. Se da una importancia relevante a las <strong>diferentes estrategias comerciales<\/strong> y a los <strong>componentes psicol\u00f3gicos<\/strong> de la gesti\u00f3n\ndel dinero.<\/p>\n<\/div>\n<div class=\"accordion\">\n<span class=\"icon\"><\/span><h4>C\u00d3MO DESCARGAR LA GU\u00cdA GLOBAL DE FXORO EN FORMATO E-BOOK<\/h4>\n<\/div>\n<div class=\"panel\">\n<p><strong>Descargar el libro electr\u00f3nico de la Gu\u00eda Global de Trading de FXORO<\/strong> es realmente muy sencillo, solo haga clic en la imagen titulada \u201cIntroducci\u00f3n al negocio del trading en l\u00ednea\u201d. El <strong>PDF del libro electr\u00f3nico<\/strong> puede resultar inmediatamente un apoyo fundamental para los traders que deseen tener informaci\u00f3n detallada sobre la actividad de trading.<\/p>\n<\/div>\n<\/div>\n","protected":false},"excerpt":{"rendered":"<p>GU\u00cdA INTRODUCTORIA AL NEGOCIO DEL TRADING ONLINE Cada trader que ingresa al mundo del trading aprende y estructura su propia estrategia de trading. Para hacerlo con el m\u00e1ximo conocimiento, debe necesariamente comprender la din\u00e1mica, los conceptos y las herramientas del trading. Sin los conocimientos y las habilidades adecuados es muy dif\u00edcil poner en marcha una [&hellip;]<\/p>\n","protected":false},"author":1,"featured_media":0,"parent":0,"menu_order":0,"comment_status":"closed","ping_status":"closed","template":"page-templates\/E-book.php","meta":{"_acf_changed":false,"footnotes":""},"class_list":["post-58","page","type-page","status-publish","hentry"],"acf":[],"yoast_head":"<!-- This site is optimized with the Yoast SEO plugin v25.4 - https:\/\/yoast.com\/wordpress\/plugins\/seo\/ -->\n<title>LIBRO ELECTR\u00d3NICO - FXoro Global ES<\/title>\n<meta name=\"robots\" content=\"index, follow, max-snippet:-1, max-image-preview:large, max-video-preview:-1\" \/>\n<link rel=\"canonical\" href=\"https:\/\/fxoroglobal.com\/es\/e-book\/\" \/>\n<meta property=\"og:locale\" content=\"es_ES\" \/>\n<meta property=\"og:type\" content=\"article\" \/>\n<meta property=\"og:title\" content=\"LIBRO ELECTR\u00d3NICO - FXoro Global ES\" \/>\n<meta property=\"og:description\" content=\"GU\u00cdA INTRODUCTORIA AL NEGOCIO DEL TRADING ONLINE Cada trader que ingresa al mundo del trading aprende y estructura su propia estrategia de trading. Para hacerlo con el m\u00e1ximo conocimiento, debe necesariamente comprender la din\u00e1mica, los conceptos y las herramientas del trading. Sin los conocimientos y las habilidades adecuados es muy dif\u00edcil poner en marcha una [&hellip;]\" \/>\n<meta property=\"og:url\" content=\"https:\/\/fxoroglobal.com\/es\/e-book\/\" \/>\n<meta property=\"og:site_name\" content=\"FXoro Global ES\" \/>\n<meta property=\"article:modified_time\" content=\"2025-05-22T12:41:35+00:00\" \/>\n<meta name=\"twitter:card\" content=\"summary_large_image\" \/>\n<meta name=\"twitter:label1\" content=\"Tiempo de lectura\" \/>\n\t<meta name=\"twitter:data1\" content=\"2 minutos\" \/>\n<script type=\"application\/ld+json\" class=\"yoast-schema-graph\">{\"@context\":\"https:\/\/schema.org\",\"@graph\":[{\"@type\":\"WebPage\",\"@id\":\"https:\/\/fxoroglobal.com\/es\/e-book\/\",\"url\":\"https:\/\/fxoroglobal.com\/es\/e-book\/\",\"name\":\"LIBRO ELECTR\u00d3NICO - FXoro Global ES\",\"isPartOf\":{\"@id\":\"https:\/\/fxoroglobal.com\/es\/#website\"},\"datePublished\":\"2024-08-22T14:04:53+00:00\",\"dateModified\":\"2025-05-22T12:41:35+00:00\",\"breadcrumb\":{\"@id\":\"https:\/\/fxoroglobal.com\/es\/e-book\/#breadcrumb\"},\"inLanguage\":\"es\",\"potentialAction\":[{\"@type\":\"ReadAction\",\"target\":[\"https:\/\/fxoroglobal.com\/es\/e-book\/\"]}]},{\"@type\":\"BreadcrumbList\",\"@id\":\"https:\/\/fxoroglobal.com\/es\/e-book\/#breadcrumb\",\"itemListElement\":[{\"@type\":\"ListItem\",\"position\":1,\"name\":\"Home\",\"item\":\"https:\/\/fxoroglobal.com\/es\/\"},{\"@type\":\"ListItem\",\"position\":2,\"name\":\"LIBRO ELECTR\u00d3NICO\"}]},{\"@type\":\"WebSite\",\"@id\":\"https:\/\/fxoroglobal.com\/es\/#website\",\"url\":\"https:\/\/fxoroglobal.com\/es\/\",\"name\":\"FXoro Global ES\",\"description\":\"\",\"potentialAction\":[{\"@type\":\"SearchAction\",\"target\":{\"@type\":\"EntryPoint\",\"urlTemplate\":\"https:\/\/fxoroglobal.com\/es\/?s={search_term_string}\"},\"query-input\":{\"@type\":\"PropertyValueSpecification\",\"valueRequired\":true,\"valueName\":\"search_term_string\"}}],\"inLanguage\":\"es\"}]}<\/script>\n<!-- \/ Yoast SEO plugin. -->","yoast_head_json":{"title":"LIBRO ELECTR\u00d3NICO - FXoro Global ES","robots":{"index":"index","follow":"follow","max-snippet":"max-snippet:-1","max-image-preview":"max-image-preview:large","max-video-preview":"max-video-preview:-1"},"canonical":"https:\/\/fxoroglobal.com\/es\/e-book\/","og_locale":"es_ES","og_type":"article","og_title":"LIBRO ELECTR\u00d3NICO - FXoro Global ES","og_description":"GU\u00cdA INTRODUCTORIA AL NEGOCIO DEL TRADING ONLINE Cada trader que ingresa al mundo del trading aprende y estructura su propia estrategia de trading. Para hacerlo con el m\u00e1ximo conocimiento, debe necesariamente comprender la din\u00e1mica, los conceptos y las herramientas del trading. Sin los conocimientos y las habilidades adecuados es muy dif\u00edcil poner en marcha una [&hellip;]","og_url":"https:\/\/fxoroglobal.com\/es\/e-book\/","og_site_name":"FXoro Global ES","article_modified_time":"2025-05-22T12:41:35+00:00","twitter_card":"summary_large_image","twitter_misc":{"Tiempo de lectura":"2 minutos"},"schema":{"@context":"https:\/\/schema.org","@graph":[{"@type":"WebPage","@id":"https:\/\/fxoroglobal.com\/es\/e-book\/","url":"https:\/\/fxoroglobal.com\/es\/e-book\/","name":"LIBRO ELECTR\u00d3NICO - FXoro Global ES","isPartOf":{"@id":"https:\/\/fxoroglobal.com\/es\/#website"},"datePublished":"2024-08-22T14:04:53+00:00","dateModified":"2025-05-22T12:41:35+00:00","breadcrumb":{"@id":"https:\/\/fxoroglobal.com\/es\/e-book\/#breadcrumb"},"inLanguage":"es","potentialAction":[{"@type":"ReadAction","target":["https:\/\/fxoroglobal.com\/es\/e-book\/"]}]},{"@type":"BreadcrumbList","@id":"https:\/\/fxoroglobal.com\/es\/e-book\/#breadcrumb","itemListElement":[{"@type":"ListItem","position":1,"name":"Home","item":"https:\/\/fxoroglobal.com\/es\/"},{"@type":"ListItem","position":2,"name":"LIBRO ELECTR\u00d3NICO"}]},{"@type":"WebSite","@id":"https:\/\/fxoroglobal.com\/es\/#website","url":"https:\/\/fxoroglobal.com\/es\/","name":"FXoro Global ES","description":"","potentialAction":[{"@type":"SearchAction","target":{"@type":"EntryPoint","urlTemplate":"https:\/\/fxoroglobal.com\/es\/?s={search_term_string}"},"query-input":{"@type":"PropertyValueSpecification","valueRequired":true,"valueName":"search_term_string"}}],"inLanguage":"es"}]}},"_links":{"self":[{"href":"https:\/\/fxoroglobal.com\/es\/wp-json\/wp\/v2\/pages\/58","targetHints":{"allow":["GET"]}}],"collection":[{"href":"https:\/\/fxoroglobal.com\/es\/wp-json\/wp\/v2\/pages"}],"about":[{"href":"https:\/\/fxoroglobal.com\/es\/wp-json\/wp\/v2\/types\/page"}],"author":[{"embeddable":true,"href":"https:\/\/fxoroglobal.com\/es\/wp-json\/wp\/v2\/users\/1"}],"replies":[{"embeddable":true,"href":"https:\/\/fxoroglobal.com\/es\/wp-json\/wp\/v2\/comments?post=58"}],"version-history":[{"count":3,"href":"https:\/\/fxoroglobal.com\/es\/wp-json\/wp\/v2\/pages\/58\/revisions"}],"predecessor-version":[{"id":6764,"href":"https:\/\/fxoroglobal.com\/es\/wp-json\/wp\/v2\/pages\/58\/revisions\/6764"}],"wp:attachment":[{"href":"https:\/\/fxoroglobal.com\/es\/wp-json\/wp\/v2\/media?parent=58"}],"curies":[{"name":"wp","href":"https:\/\/api.w.org\/{rel}","templated":true}]}}