{"id":241,"date":"2024-11-25T10:20:08","date_gmt":"2024-11-25T10:20:08","guid":{"rendered":"https:\/\/thewallstreetfan.com\/?page_id=241"},"modified":"2025-05-22T13:56:58","modified_gmt":"2025-05-22T13:56:58","slug":"web-tv","status":"publish","type":"page","link":"https:\/\/fxoroglobal.com\/es\/web-tv\/","title":{"rendered":"WEB TV:\u00a0|UN SERVICIO \u00daNICO EN EL MUNDO DEL COMERCIO"},"content":{"rendered":"\n<section>\n          <div class=\"normal-container\">\n            <div class=\"container row\">\n              <div class=\"xxl-box\">\n                <p class=\"mt-0\">Si se trata de una novedad, probablemente la encontrar\u00e1 en la secci\u00f3n <strong>TC Web TV.<\/strong>\n                  Reporteros profesionales graban en directo desde el parqu\u00e9 de la Bolsa de Nueva York y le presentan las fluctuaciones del mercado en tiempo real, las situaciones de negociaci\u00f3n y le ofrecen un comentario financiero adecuado y profesional. Todos los activos comerciales populares son analizados, puestos en contexto y seguidos para que usted est\u00e9 al tanto de sus \u00faltimas actualizaciones y los utilice en consecuencia.<\/p>\n                <p>Reg\u00edstrese en <span class=\"text-bold\">FXORO<\/span> Global t hoy mismo o inicie sesi\u00f3n en su cuenta para acceder a esta funci\u00f3n.<\/p>\n              <\/div>\n            <\/div>\n          <\/div>\n        <\/section>\n\n        <section>\n          <div class=\"normal-container py-0\">\n            <div class=\"container row\">\n              <div class=\"xxl-box\">\n                <div class=\"second-btn text-center\">\n            <a href=\"https:\/\/client.fxoroglobal.com\/#\/register\/\" target=\"_blank\" class=\"btn\">Registrarse<\/a>\n            <p>El trading es arriesgado.<\/p>\n        <\/div>\n              <\/div>\n            <\/div>\n          <\/div>\n        <\/section>\n\n        <section>\n          <div class=\"normal-container\">\n            <div class=\"container row\">\n              <div class=\"xxl-box\">\n                <p class=\"mt-0 text-italic\"><strong>Descargo de responsabilidad:<\/strong> Cualquier dato, caracter\u00edstica o rendimiento proporcionado aqu\u00ed tiene \u00fanicamente fines informativos y, bajo ninguna circunstancia, FXORO Global ofrece ni tiene la intenci\u00f3n de ofrecer asesoramiento en materia de inversiones y\/o trading, ni de alentar y\/o solicitar a clientes potenciales o existentes que utilicen y\/o se suscriban a cualquiera de los servicios\/caracter\u00edsticas aqu\u00ed descritos. El cliente es el \u00fanico responsable de su actividad de trading, incluida la elecci\u00f3n del instrumento financiero, del proveedor de se\u00f1ales y de la estrategia de trading. Los rendimientos pasados no son un indicador de resultados futuros.<\/p>\n              <\/div>\n            <\/div>\n          <\/div>\n        <\/section>\n","protected":false},"excerpt":{"rendered":"<p>Si se trata de una novedad, probablemente la encontrar\u00e1 en la secci\u00f3n TC Web TV. Reporteros profesionales graban en directo desde el parqu\u00e9 de la Bolsa de Nueva York y le presentan las fluctuaciones del mercado en tiempo real, las situaciones de negociaci\u00f3n y le ofrecen un comentario financiero adecuado y profesional. Todos los activos [&hellip;]<\/p>\n","protected":false},"author":1,"featured_media":0,"parent":0,"menu_order":0,"comment_status":"closed","ping_status":"closed","template":"page-templates\/WebTV.php","meta":{"_acf_changed":false,"footnotes":""},"class_list":["post-241","page","type-page","status-publish","hentry"],"acf":[],"yoast_head":"<!-- This site is optimized with the Yoast SEO plugin v25.4 - https:\/\/yoast.com\/wordpress\/plugins\/seo\/ -->\n<title>WEB TV:\u00a0|UN SERVICIO \u00daNICO EN EL MUNDO DEL COMERCIO - FXoro Global ES<\/title>\n<meta name=\"robots\" content=\"index, follow, max-snippet:-1, max-image-preview:large, max-video-preview:-1\" \/>\n<link rel=\"canonical\" href=\"https:\/\/fxoroglobal.com\/es\/web-tv\/\" \/>\n<meta property=\"og:locale\" content=\"es_ES\" \/>\n<meta property=\"og:type\" content=\"article\" \/>\n<meta property=\"og:title\" content=\"WEB TV:\u00a0|UN SERVICIO \u00daNICO EN EL MUNDO DEL COMERCIO - FXoro Global ES\" \/>\n<meta property=\"og:description\" content=\"Si se trata de una novedad, probablemente la encontrar\u00e1 en la secci\u00f3n TC Web TV. Reporteros profesionales graban en directo desde el parqu\u00e9 de la Bolsa de Nueva York y le presentan las fluctuaciones del mercado en tiempo real, las situaciones de negociaci\u00f3n y le ofrecen un comentario financiero adecuado y profesional. Todos los activos [&hellip;]\" \/>\n<meta property=\"og:url\" content=\"https:\/\/fxoroglobal.com\/es\/web-tv\/\" \/>\n<meta property=\"og:site_name\" content=\"FXoro Global ES\" \/>\n<meta property=\"article:modified_time\" content=\"2025-05-22T13:56:58+00:00\" \/>\n<meta name=\"twitter:card\" content=\"summary_large_image\" \/>\n<meta name=\"twitter:label1\" content=\"Tiempo de lectura\" \/>\n\t<meta name=\"twitter:data1\" content=\"1 minuto\" \/>\n<script type=\"application\/ld+json\" class=\"yoast-schema-graph\">{\"@context\":\"https:\/\/schema.org\",\"@graph\":[{\"@type\":\"WebPage\",\"@id\":\"https:\/\/fxoroglobal.com\/es\/web-tv\/\",\"url\":\"https:\/\/fxoroglobal.com\/es\/web-tv\/\",\"name\":\"WEB TV:\u00a0|UN SERVICIO \u00daNICO EN EL MUNDO DEL COMERCIO - FXoro Global ES\",\"isPartOf\":{\"@id\":\"https:\/\/fxoroglobal.com\/es\/#website\"},\"datePublished\":\"2024-11-25T10:20:08+00:00\",\"dateModified\":\"2025-05-22T13:56:58+00:00\",\"breadcrumb\":{\"@id\":\"https:\/\/fxoroglobal.com\/es\/web-tv\/#breadcrumb\"},\"inLanguage\":\"es\",\"potentialAction\":[{\"@type\":\"ReadAction\",\"target\":[\"https:\/\/fxoroglobal.com\/es\/web-tv\/\"]}]},{\"@type\":\"BreadcrumbList\",\"@id\":\"https:\/\/fxoroglobal.com\/es\/web-tv\/#breadcrumb\",\"itemListElement\":[{\"@type\":\"ListItem\",\"position\":1,\"name\":\"Home\",\"item\":\"https:\/\/fxoroglobal.com\/es\/\"},{\"@type\":\"ListItem\",\"position\":2,\"name\":\"WEB TV:\u00a0UN SERVICIO \u00daNICO EN EL MUNDO DEL COMERCIO\"}]},{\"@type\":\"WebSite\",\"@id\":\"https:\/\/fxoroglobal.com\/es\/#website\",\"url\":\"https:\/\/fxoroglobal.com\/es\/\",\"name\":\"FXoro Global ES\",\"description\":\"\",\"potentialAction\":[{\"@type\":\"SearchAction\",\"target\":{\"@type\":\"EntryPoint\",\"urlTemplate\":\"https:\/\/fxoroglobal.com\/es\/?s={search_term_string}\"},\"query-input\":{\"@type\":\"PropertyValueSpecification\",\"valueRequired\":true,\"valueName\":\"search_term_string\"}}],\"inLanguage\":\"es\"}]}<\/script>\n<!-- \/ Yoast SEO plugin. -->","yoast_head_json":{"title":"WEB TV:\u00a0|UN SERVICIO \u00daNICO EN EL MUNDO DEL COMERCIO - FXoro Global ES","robots":{"index":"index","follow":"follow","max-snippet":"max-snippet:-1","max-image-preview":"max-image-preview:large","max-video-preview":"max-video-preview:-1"},"canonical":"https:\/\/fxoroglobal.com\/es\/web-tv\/","og_locale":"es_ES","og_type":"article","og_title":"WEB TV:\u00a0|UN SERVICIO \u00daNICO EN EL MUNDO DEL COMERCIO - FXoro Global ES","og_description":"Si se trata de una novedad, probablemente la encontrar\u00e1 en la secci\u00f3n TC Web TV. Reporteros profesionales graban en directo desde el parqu\u00e9 de la Bolsa de Nueva York y le presentan las fluctuaciones del mercado en tiempo real, las situaciones de negociaci\u00f3n y le ofrecen un comentario financiero adecuado y profesional. Todos los activos [&hellip;]","og_url":"https:\/\/fxoroglobal.com\/es\/web-tv\/","og_site_name":"FXoro Global ES","article_modified_time":"2025-05-22T13:56:58+00:00","twitter_card":"summary_large_image","twitter_misc":{"Tiempo de lectura":"1 minuto"},"schema":{"@context":"https:\/\/schema.org","@graph":[{"@type":"WebPage","@id":"https:\/\/fxoroglobal.com\/es\/web-tv\/","url":"https:\/\/fxoroglobal.com\/es\/web-tv\/","name":"WEB TV:\u00a0|UN SERVICIO \u00daNICO EN EL MUNDO DEL COMERCIO - FXoro Global ES","isPartOf":{"@id":"https:\/\/fxoroglobal.com\/es\/#website"},"datePublished":"2024-11-25T10:20:08+00:00","dateModified":"2025-05-22T13:56:58+00:00","breadcrumb":{"@id":"https:\/\/fxoroglobal.com\/es\/web-tv\/#breadcrumb"},"inLanguage":"es","potentialAction":[{"@type":"ReadAction","target":["https:\/\/fxoroglobal.com\/es\/web-tv\/"]}]},{"@type":"BreadcrumbList","@id":"https:\/\/fxoroglobal.com\/es\/web-tv\/#breadcrumb","itemListElement":[{"@type":"ListItem","position":1,"name":"Home","item":"https:\/\/fxoroglobal.com\/es\/"},{"@type":"ListItem","position":2,"name":"WEB TV:\u00a0UN SERVICIO \u00daNICO EN EL MUNDO DEL COMERCIO"}]},{"@type":"WebSite","@id":"https:\/\/fxoroglobal.com\/es\/#website","url":"https:\/\/fxoroglobal.com\/es\/","name":"FXoro Global ES","description":"","potentialAction":[{"@type":"SearchAction","target":{"@type":"EntryPoint","urlTemplate":"https:\/\/fxoroglobal.com\/es\/?s={search_term_string}"},"query-input":{"@type":"PropertyValueSpecification","valueRequired":true,"valueName":"search_term_string"}}],"inLanguage":"es"}]}},"_links":{"self":[{"href":"https:\/\/fxoroglobal.com\/es\/wp-json\/wp\/v2\/pages\/241","targetHints":{"allow":["GET"]}}],"collection":[{"href":"https:\/\/fxoroglobal.com\/es\/wp-json\/wp\/v2\/pages"}],"about":[{"href":"https:\/\/fxoroglobal.com\/es\/wp-json\/wp\/v2\/types\/page"}],"author":[{"embeddable":true,"href":"https:\/\/fxoroglobal.com\/es\/wp-json\/wp\/v2\/users\/1"}],"replies":[{"embeddable":true,"href":"https:\/\/fxoroglobal.com\/es\/wp-json\/wp\/v2\/comments?post=241"}],"version-history":[{"count":2,"href":"https:\/\/fxoroglobal.com\/es\/wp-json\/wp\/v2\/pages\/241\/revisions"}],"predecessor-version":[{"id":6788,"href":"https:\/\/fxoroglobal.com\/es\/wp-json\/wp\/v2\/pages\/241\/revisions\/6788"}],"wp:attachment":[{"href":"https:\/\/fxoroglobal.com\/es\/wp-json\/wp\/v2\/media?parent=241"}],"curies":[{"name":"wp","href":"https:\/\/api.w.org\/{rel}","templated":true}]}}