{"id":239,"date":"2024-11-25T10:19:34","date_gmt":"2024-11-25T10:19:34","guid":{"rendered":"https:\/\/thewallstreetfan.com\/?page_id=239"},"modified":"2025-05-22T13:55:25","modified_gmt":"2025-05-22T13:55:25","slug":"technical-view","status":"publish","type":"page","link":"https:\/\/fxoroglobal.com\/es\/technical-view\/","title":{"rendered":"TECHNICAL VIEW:\u00a0|PROBABLEMENTE UNO DE LOS MEJORES AN\u00c1LISIS POSIBLES PARA ELABORAR SUS OPERACIONES"},"content":{"rendered":"\n<section>\n  <div class=\"normal-container\">\n    <div class=\"container row\">\n      <div class=\"xxl-box\">\n        <p class=\"mt-0\">\n          <strong\n            >TC Combinaci\u00f3n de vista t\u00e9cnica la experiencia de analistas\n            experimentados con algoritmos automatizados de vanguardia<\/strong\n          >,lo que la convierte en la \u00fanica soluci\u00f3n global de investigaci\u00f3n de\n          mercados financieros de su clase. Su sistema patentado de\n          reconocimiento de patrones escanea sistem\u00e1ticamente el mercado para\n          dise\u00f1ar planes de negociaci\u00f3n viables basados en metodolog\u00edas\n          galardonadas. Los experimentados t\u00e9cnicos de mercado de Trading\n          Central autentifican los an\u00e1lisis, garantizando que s\u00f3lo se publique\n          informaci\u00f3n de la m\u00e1xima calidad.\n        <\/p>\n        <p>\n          Technical View proporciona una visi\u00f3n l\u00facida del panorama t\u00e9cnico,\n          ayud\u00e1ndole a anticipar las futuras tendencias del mercado. Su\n          tecnolog\u00eda patentada de reconocimiento de patrones escanea\n          continuamente el mercado,\n          <strong\n            >ofreciendo gesti\u00f3n completa de posiciones en m\u00e1s de 8.000\n            instrumentos<\/strong\n          >.\n        <\/p>\n        <p>\n          Reg\u00edstrese en <span class=\"text-bold\">FXORO<\/span> Global hoy mismo o\n          inicie sesi\u00f3n en su cuenta para acceder a esta funci\u00f3n.\n        <\/p>\n      <\/div>\n    <\/div>\n  <\/div>\n<\/section>\n\n<section>\n  <div class=\"normal-container py-0\">\n    <div class=\"container row\">\n      <div class=\"xxl-box\"><div class=\"second-btn text-center\">\n            <a href=\"https:\/\/client.fxoroglobal.com\/#\/register\/\" target=\"_blank\" class=\"btn\">Registrarse<\/a>\n            <p>El trading es arriesgado.<\/p>\n        <\/div><\/div>\n    <\/div>\n  <\/div>\n<\/section>\n\n<section>\n  <div class=\"normal-container\">\n    <div class=\"container row\">\n      <div class=\"xxl-box\">\n        <p class=\"mt-0 text-italic\">\n          <strong>Descargo de responsabilidad:<\/strong> Cualquier dato, caracter\u00edstica o rendimiento proporcionado aqu\u00ed tiene \u00fanicamente fines informativos y, bajo ninguna circunstancia, FXORO Global ofrece ni tiene la intenci\u00f3n de ofrecer asesoramiento en materia de inversiones y\/o trading, ni de alentar y\/o solicitar a clientes potenciales o existentes que utilicen y\/o se suscriban a cualquiera de los servicios\/caracter\u00edsticas aqu\u00ed descritos. El cliente es el \u00fanico responsable de su actividad de trading, incluida la elecci\u00f3n del instrumento financiero, del proveedor de se\u00f1ales y de la estrategia de trading. Los rendimientos pasados no son un indicador de resultados futuros.\n        <\/p>\n      <\/div>\n    <\/div>\n  <\/div>\n<\/section>\n","protected":false},"excerpt":{"rendered":"<p>TC Combinaci\u00f3n de vista t\u00e9cnica la experiencia de analistas experimentados con algoritmos automatizados de vanguardia,lo que la convierte en la \u00fanica soluci\u00f3n global de investigaci\u00f3n de mercados financieros de su clase. Su sistema patentado de reconocimiento de patrones escanea sistem\u00e1ticamente el mercado para dise\u00f1ar planes de negociaci\u00f3n viables basados en metodolog\u00edas galardonadas. Los experimentados t\u00e9cnicos [&hellip;]<\/p>\n","protected":false},"author":1,"featured_media":0,"parent":0,"menu_order":0,"comment_status":"closed","ping_status":"closed","template":"page-templates\/TehnicalView.php","meta":{"_acf_changed":false,"footnotes":""},"class_list":["post-239","page","type-page","status-publish","hentry"],"acf":[],"yoast_head":"<!-- This site is optimized with the Yoast SEO plugin v25.4 - https:\/\/yoast.com\/wordpress\/plugins\/seo\/ -->\n<title>TECHNICAL VIEW:\u00a0|PROBABLEMENTE UNO DE LOS MEJORES AN\u00c1LISIS POSIBLES PARA ELABORAR SUS OPERACIONES - FXoro Global ES<\/title>\n<meta name=\"robots\" content=\"index, follow, max-snippet:-1, max-image-preview:large, max-video-preview:-1\" \/>\n<link rel=\"canonical\" href=\"https:\/\/fxoroglobal.com\/es\/technical-view\/\" \/>\n<meta property=\"og:locale\" content=\"es_ES\" \/>\n<meta property=\"og:type\" content=\"article\" \/>\n<meta property=\"og:title\" content=\"TECHNICAL VIEW:\u00a0|PROBABLEMENTE UNO DE LOS MEJORES AN\u00c1LISIS POSIBLES PARA ELABORAR SUS OPERACIONES - FXoro Global ES\" \/>\n<meta property=\"og:description\" content=\"TC Combinaci\u00f3n de vista t\u00e9cnica la experiencia de analistas experimentados con algoritmos automatizados de vanguardia,lo que la convierte en la \u00fanica soluci\u00f3n global de investigaci\u00f3n de mercados financieros de su clase. Su sistema patentado de reconocimiento de patrones escanea sistem\u00e1ticamente el mercado para dise\u00f1ar planes de negociaci\u00f3n viables basados en metodolog\u00edas galardonadas. Los experimentados t\u00e9cnicos [&hellip;]\" \/>\n<meta property=\"og:url\" content=\"https:\/\/fxoroglobal.com\/es\/technical-view\/\" \/>\n<meta property=\"og:site_name\" content=\"FXoro Global ES\" \/>\n<meta property=\"article:modified_time\" content=\"2025-05-22T13:55:25+00:00\" \/>\n<meta name=\"twitter:card\" content=\"summary_large_image\" \/>\n<meta name=\"twitter:label1\" content=\"Tiempo de lectura\" \/>\n\t<meta name=\"twitter:data1\" content=\"1 minuto\" \/>\n<script type=\"application\/ld+json\" class=\"yoast-schema-graph\">{\"@context\":\"https:\/\/schema.org\",\"@graph\":[{\"@type\":\"WebPage\",\"@id\":\"https:\/\/fxoroglobal.com\/es\/technical-view\/\",\"url\":\"https:\/\/fxoroglobal.com\/es\/technical-view\/\",\"name\":\"TECHNICAL VIEW:\u00a0|PROBABLEMENTE UNO DE LOS MEJORES AN\u00c1LISIS POSIBLES PARA ELABORAR SUS OPERACIONES - FXoro Global ES\",\"isPartOf\":{\"@id\":\"https:\/\/fxoroglobal.com\/es\/#website\"},\"datePublished\":\"2024-11-25T10:19:34+00:00\",\"dateModified\":\"2025-05-22T13:55:25+00:00\",\"breadcrumb\":{\"@id\":\"https:\/\/fxoroglobal.com\/es\/technical-view\/#breadcrumb\"},\"inLanguage\":\"es\",\"potentialAction\":[{\"@type\":\"ReadAction\",\"target\":[\"https:\/\/fxoroglobal.com\/es\/technical-view\/\"]}]},{\"@type\":\"BreadcrumbList\",\"@id\":\"https:\/\/fxoroglobal.com\/es\/technical-view\/#breadcrumb\",\"itemListElement\":[{\"@type\":\"ListItem\",\"position\":1,\"name\":\"Home\",\"item\":\"https:\/\/fxoroglobal.com\/es\/\"},{\"@type\":\"ListItem\",\"position\":2,\"name\":\"TECHNICAL VIEW:\u00a0PROBABLEMENTE UNO DE LOS MEJORES AN\u00c1LISIS POSIBLES PARA ELABORAR SUS OPERACIONES\"}]},{\"@type\":\"WebSite\",\"@id\":\"https:\/\/fxoroglobal.com\/es\/#website\",\"url\":\"https:\/\/fxoroglobal.com\/es\/\",\"name\":\"FXoro Global ES\",\"description\":\"\",\"potentialAction\":[{\"@type\":\"SearchAction\",\"target\":{\"@type\":\"EntryPoint\",\"urlTemplate\":\"https:\/\/fxoroglobal.com\/es\/?s={search_term_string}\"},\"query-input\":{\"@type\":\"PropertyValueSpecification\",\"valueRequired\":true,\"valueName\":\"search_term_string\"}}],\"inLanguage\":\"es\"}]}<\/script>\n<!-- \/ Yoast SEO plugin. -->","yoast_head_json":{"title":"TECHNICAL VIEW:\u00a0|PROBABLEMENTE UNO DE LOS MEJORES AN\u00c1LISIS POSIBLES PARA ELABORAR SUS OPERACIONES - FXoro Global ES","robots":{"index":"index","follow":"follow","max-snippet":"max-snippet:-1","max-image-preview":"max-image-preview:large","max-video-preview":"max-video-preview:-1"},"canonical":"https:\/\/fxoroglobal.com\/es\/technical-view\/","og_locale":"es_ES","og_type":"article","og_title":"TECHNICAL VIEW:\u00a0|PROBABLEMENTE UNO DE LOS MEJORES AN\u00c1LISIS POSIBLES PARA ELABORAR SUS OPERACIONES - FXoro Global ES","og_description":"TC Combinaci\u00f3n de vista t\u00e9cnica la experiencia de analistas experimentados con algoritmos automatizados de vanguardia,lo que la convierte en la \u00fanica soluci\u00f3n global de investigaci\u00f3n de mercados financieros de su clase. Su sistema patentado de reconocimiento de patrones escanea sistem\u00e1ticamente el mercado para dise\u00f1ar planes de negociaci\u00f3n viables basados en metodolog\u00edas galardonadas. Los experimentados t\u00e9cnicos [&hellip;]","og_url":"https:\/\/fxoroglobal.com\/es\/technical-view\/","og_site_name":"FXoro Global ES","article_modified_time":"2025-05-22T13:55:25+00:00","twitter_card":"summary_large_image","twitter_misc":{"Tiempo de lectura":"1 minuto"},"schema":{"@context":"https:\/\/schema.org","@graph":[{"@type":"WebPage","@id":"https:\/\/fxoroglobal.com\/es\/technical-view\/","url":"https:\/\/fxoroglobal.com\/es\/technical-view\/","name":"TECHNICAL VIEW:\u00a0|PROBABLEMENTE UNO DE LOS MEJORES AN\u00c1LISIS POSIBLES PARA ELABORAR SUS OPERACIONES - FXoro Global ES","isPartOf":{"@id":"https:\/\/fxoroglobal.com\/es\/#website"},"datePublished":"2024-11-25T10:19:34+00:00","dateModified":"2025-05-22T13:55:25+00:00","breadcrumb":{"@id":"https:\/\/fxoroglobal.com\/es\/technical-view\/#breadcrumb"},"inLanguage":"es","potentialAction":[{"@type":"ReadAction","target":["https:\/\/fxoroglobal.com\/es\/technical-view\/"]}]},{"@type":"BreadcrumbList","@id":"https:\/\/fxoroglobal.com\/es\/technical-view\/#breadcrumb","itemListElement":[{"@type":"ListItem","position":1,"name":"Home","item":"https:\/\/fxoroglobal.com\/es\/"},{"@type":"ListItem","position":2,"name":"TECHNICAL VIEW:\u00a0PROBABLEMENTE UNO DE LOS MEJORES AN\u00c1LISIS POSIBLES PARA ELABORAR SUS OPERACIONES"}]},{"@type":"WebSite","@id":"https:\/\/fxoroglobal.com\/es\/#website","url":"https:\/\/fxoroglobal.com\/es\/","name":"FXoro Global ES","description":"","potentialAction":[{"@type":"SearchAction","target":{"@type":"EntryPoint","urlTemplate":"https:\/\/fxoroglobal.com\/es\/?s={search_term_string}"},"query-input":{"@type":"PropertyValueSpecification","valueRequired":true,"valueName":"search_term_string"}}],"inLanguage":"es"}]}},"_links":{"self":[{"href":"https:\/\/fxoroglobal.com\/es\/wp-json\/wp\/v2\/pages\/239","targetHints":{"allow":["GET"]}}],"collection":[{"href":"https:\/\/fxoroglobal.com\/es\/wp-json\/wp\/v2\/pages"}],"about":[{"href":"https:\/\/fxoroglobal.com\/es\/wp-json\/wp\/v2\/types\/page"}],"author":[{"embeddable":true,"href":"https:\/\/fxoroglobal.com\/es\/wp-json\/wp\/v2\/users\/1"}],"replies":[{"embeddable":true,"href":"https:\/\/fxoroglobal.com\/es\/wp-json\/wp\/v2\/comments?post=239"}],"version-history":[{"count":6,"href":"https:\/\/fxoroglobal.com\/es\/wp-json\/wp\/v2\/pages\/239\/revisions"}],"predecessor-version":[{"id":6784,"href":"https:\/\/fxoroglobal.com\/es\/wp-json\/wp\/v2\/pages\/239\/revisions\/6784"}],"wp:attachment":[{"href":"https:\/\/fxoroglobal.com\/es\/wp-json\/wp\/v2\/media?parent=239"}],"curies":[{"name":"wp","href":"https:\/\/api.w.org\/{rel}","templated":true}]}}