{"id":235,"date":"2024-11-25T10:17:41","date_gmt":"2024-11-25T10:17:41","guid":{"rendered":"https:\/\/thewallstreetfan.com\/?page_id=235"},"modified":"2025-05-22T13:56:11","modified_gmt":"2025-05-22T13:56:11","slug":"tc-market-buzz","status":"publish","type":"page","link":"https:\/\/fxoroglobal.com\/es\/tc-market-buzz\/","title":{"rendered":"TC MARKET BUZZ:\u00a0|COMPRUEBE QU\u00c9 VALORES Y TEMAS EST\u00c1N LITERALMENTE \u201cZUMBANDO\u201d"},"content":{"rendered":"\n<section>\n  <div class=\"normal-container\">\n    <div class=\"container row\">\n      <div class=\"xxl-box\">\n        <p class=\"mt-0\">\n          Entendiendo que los inversores a menudo hacen malabarismos con agendas\n          ocupadas y tiempo de lectura limitado, les presentamos TC Market Buzz;\n          una caracter\u00edstica innovadora y f\u00e1cil de usar que proporciona noticias\n          instant\u00e1neas del mercado.\n        <\/p>\n        <p>\n          TC Market Buzz examina diariamente decenas de miles de canales de\n          redes sociales, blogs y sitios de noticias de buena reputaci\u00f3n,\n          brindando una descripci\u00f3n general precisa de las \u00faltimas\n          conversaciones del mercado sobre cualquier producto determinado.\n        <\/p>\n        <p>\n          Esto le permite verificar varias fuentes de informaci\u00f3n y obtener una\n          comprensi\u00f3n clara que lo ayudar\u00e1 durante su plan de trading.\n        <\/p>\n        <p>\n          Reg\u00edstrese en <span class=\"text-bold\">FXORO<\/span> Global hoy mismo o\n          inicie sesi\u00f3n en su cuenta para acceder a esta funci\u00f3n.\n        <\/p>\n      <\/div>\n    <\/div>\n  <\/div>\n<\/section>\n\n<section>\n  <div class=\"normal-container py-0\">\n    <div class=\"container row\">\n      <div class=\"xxl-box\"><div class=\"second-btn text-center\">\n            <a href=\"https:\/\/client.fxoroglobal.com\/#\/register\/\" target=\"_blank\" class=\"btn\">Registrarse<\/a>\n            <p>El trading es arriesgado.<\/p>\n        <\/div><\/div>\n    <\/div>\n  <\/div>\n<\/section>\n\n<section>\n  <div class=\"normal-container\">\n    <div class=\"container row\">\n      <div class=\"xxl-box\">\n        <p class=\"mt-0 text-italic\">\n          <strong>Descargo de responsabilidad:<\/strong> Cualquier dato, caracter\u00edstica o rendimiento proporcionado aqu\u00ed tiene \u00fanicamente fines informativos y, bajo ninguna circunstancia, FXORO Global ofrece ni tiene la intenci\u00f3n de ofrecer asesoramiento en materia de inversiones y\/o trading, ni de alentar y\/o solicitar a clientes potenciales o existentes que utilicen y\/o se suscriban a cualquiera de los servicios\/caracter\u00edsticas aqu\u00ed descritos. El cliente es el \u00fanico responsable de su actividad de trading, incluida la elecci\u00f3n del instrumento financiero, del proveedor de se\u00f1ales y de la estrategia de trading. Los rendimientos pasados no son un indicador de resultados futuros.\n        <\/p>\n      <\/div>\n    <\/div>\n  <\/div>\n<\/section>\n\n","protected":false},"excerpt":{"rendered":"<p>Entendiendo que los inversores a menudo hacen malabarismos con agendas ocupadas y tiempo de lectura limitado, les presentamos TC Market Buzz; una caracter\u00edstica innovadora y f\u00e1cil de usar que proporciona noticias instant\u00e1neas del mercado. TC Market Buzz examina diariamente decenas de miles de canales de redes sociales, blogs y sitios de noticias de buena reputaci\u00f3n, [&hellip;]<\/p>\n","protected":false},"author":1,"featured_media":0,"parent":0,"menu_order":0,"comment_status":"closed","ping_status":"closed","template":"page-templates\/TCMarketBuzz.php","meta":{"_acf_changed":false,"footnotes":""},"class_list":["post-235","page","type-page","status-publish","hentry"],"acf":[],"yoast_head":"<!-- This site is optimized with the Yoast SEO plugin v25.4 - https:\/\/yoast.com\/wordpress\/plugins\/seo\/ -->\n<title>TC MARKET BUZZ:\u00a0|COMPRUEBE QU\u00c9 VALORES Y TEMAS EST\u00c1N LITERALMENTE \u201cZUMBANDO\u201d - FXoro Global ES<\/title>\n<meta name=\"robots\" content=\"index, follow, max-snippet:-1, max-image-preview:large, max-video-preview:-1\" \/>\n<link rel=\"canonical\" href=\"https:\/\/fxoroglobal.com\/es\/tc-market-buzz\/\" \/>\n<meta property=\"og:locale\" content=\"es_ES\" \/>\n<meta property=\"og:type\" content=\"article\" \/>\n<meta property=\"og:title\" content=\"TC MARKET BUZZ:\u00a0|COMPRUEBE QU\u00c9 VALORES Y TEMAS EST\u00c1N LITERALMENTE \u201cZUMBANDO\u201d - FXoro Global ES\" \/>\n<meta property=\"og:description\" content=\"Entendiendo que los inversores a menudo hacen malabarismos con agendas ocupadas y tiempo de lectura limitado, les presentamos TC Market Buzz; una caracter\u00edstica innovadora y f\u00e1cil de usar que proporciona noticias instant\u00e1neas del mercado. TC Market Buzz examina diariamente decenas de miles de canales de redes sociales, blogs y sitios de noticias de buena reputaci\u00f3n, [&hellip;]\" \/>\n<meta property=\"og:url\" content=\"https:\/\/fxoroglobal.com\/es\/tc-market-buzz\/\" \/>\n<meta property=\"og:site_name\" content=\"FXoro Global ES\" \/>\n<meta property=\"article:modified_time\" content=\"2025-05-22T13:56:11+00:00\" \/>\n<meta name=\"twitter:card\" content=\"summary_large_image\" \/>\n<meta name=\"twitter:label1\" content=\"Tiempo de lectura\" \/>\n\t<meta name=\"twitter:data1\" content=\"1 minuto\" \/>\n<script type=\"application\/ld+json\" class=\"yoast-schema-graph\">{\"@context\":\"https:\/\/schema.org\",\"@graph\":[{\"@type\":\"WebPage\",\"@id\":\"https:\/\/fxoroglobal.com\/es\/tc-market-buzz\/\",\"url\":\"https:\/\/fxoroglobal.com\/es\/tc-market-buzz\/\",\"name\":\"TC MARKET BUZZ:\u00a0|COMPRUEBE QU\u00c9 VALORES Y TEMAS EST\u00c1N LITERALMENTE \u201cZUMBANDO\u201d - FXoro Global ES\",\"isPartOf\":{\"@id\":\"https:\/\/fxoroglobal.com\/es\/#website\"},\"datePublished\":\"2024-11-25T10:17:41+00:00\",\"dateModified\":\"2025-05-22T13:56:11+00:00\",\"breadcrumb\":{\"@id\":\"https:\/\/fxoroglobal.com\/es\/tc-market-buzz\/#breadcrumb\"},\"inLanguage\":\"es\",\"potentialAction\":[{\"@type\":\"ReadAction\",\"target\":[\"https:\/\/fxoroglobal.com\/es\/tc-market-buzz\/\"]}]},{\"@type\":\"BreadcrumbList\",\"@id\":\"https:\/\/fxoroglobal.com\/es\/tc-market-buzz\/#breadcrumb\",\"itemListElement\":[{\"@type\":\"ListItem\",\"position\":1,\"name\":\"Home\",\"item\":\"https:\/\/fxoroglobal.com\/es\/\"},{\"@type\":\"ListItem\",\"position\":2,\"name\":\"TC MARKET BUZZ:\u00a0COMPRUEBE QU\u00c9 VALORES Y TEMAS EST\u00c1N LITERALMENTE \u201cZUMBANDO\u201d\"}]},{\"@type\":\"WebSite\",\"@id\":\"https:\/\/fxoroglobal.com\/es\/#website\",\"url\":\"https:\/\/fxoroglobal.com\/es\/\",\"name\":\"FXoro Global ES\",\"description\":\"\",\"potentialAction\":[{\"@type\":\"SearchAction\",\"target\":{\"@type\":\"EntryPoint\",\"urlTemplate\":\"https:\/\/fxoroglobal.com\/es\/?s={search_term_string}\"},\"query-input\":{\"@type\":\"PropertyValueSpecification\",\"valueRequired\":true,\"valueName\":\"search_term_string\"}}],\"inLanguage\":\"es\"}]}<\/script>\n<!-- \/ Yoast SEO plugin. -->","yoast_head_json":{"title":"TC MARKET BUZZ:\u00a0|COMPRUEBE QU\u00c9 VALORES Y TEMAS EST\u00c1N LITERALMENTE \u201cZUMBANDO\u201d - FXoro Global ES","robots":{"index":"index","follow":"follow","max-snippet":"max-snippet:-1","max-image-preview":"max-image-preview:large","max-video-preview":"max-video-preview:-1"},"canonical":"https:\/\/fxoroglobal.com\/es\/tc-market-buzz\/","og_locale":"es_ES","og_type":"article","og_title":"TC MARKET BUZZ:\u00a0|COMPRUEBE QU\u00c9 VALORES Y TEMAS EST\u00c1N LITERALMENTE \u201cZUMBANDO\u201d - FXoro Global ES","og_description":"Entendiendo que los inversores a menudo hacen malabarismos con agendas ocupadas y tiempo de lectura limitado, les presentamos TC Market Buzz; una caracter\u00edstica innovadora y f\u00e1cil de usar que proporciona noticias instant\u00e1neas del mercado. TC Market Buzz examina diariamente decenas de miles de canales de redes sociales, blogs y sitios de noticias de buena reputaci\u00f3n, [&hellip;]","og_url":"https:\/\/fxoroglobal.com\/es\/tc-market-buzz\/","og_site_name":"FXoro Global ES","article_modified_time":"2025-05-22T13:56:11+00:00","twitter_card":"summary_large_image","twitter_misc":{"Tiempo de lectura":"1 minuto"},"schema":{"@context":"https:\/\/schema.org","@graph":[{"@type":"WebPage","@id":"https:\/\/fxoroglobal.com\/es\/tc-market-buzz\/","url":"https:\/\/fxoroglobal.com\/es\/tc-market-buzz\/","name":"TC MARKET BUZZ:\u00a0|COMPRUEBE QU\u00c9 VALORES Y TEMAS EST\u00c1N LITERALMENTE \u201cZUMBANDO\u201d - FXoro Global ES","isPartOf":{"@id":"https:\/\/fxoroglobal.com\/es\/#website"},"datePublished":"2024-11-25T10:17:41+00:00","dateModified":"2025-05-22T13:56:11+00:00","breadcrumb":{"@id":"https:\/\/fxoroglobal.com\/es\/tc-market-buzz\/#breadcrumb"},"inLanguage":"es","potentialAction":[{"@type":"ReadAction","target":["https:\/\/fxoroglobal.com\/es\/tc-market-buzz\/"]}]},{"@type":"BreadcrumbList","@id":"https:\/\/fxoroglobal.com\/es\/tc-market-buzz\/#breadcrumb","itemListElement":[{"@type":"ListItem","position":1,"name":"Home","item":"https:\/\/fxoroglobal.com\/es\/"},{"@type":"ListItem","position":2,"name":"TC MARKET BUZZ:\u00a0COMPRUEBE QU\u00c9 VALORES Y TEMAS EST\u00c1N LITERALMENTE \u201cZUMBANDO\u201d"}]},{"@type":"WebSite","@id":"https:\/\/fxoroglobal.com\/es\/#website","url":"https:\/\/fxoroglobal.com\/es\/","name":"FXoro Global ES","description":"","potentialAction":[{"@type":"SearchAction","target":{"@type":"EntryPoint","urlTemplate":"https:\/\/fxoroglobal.com\/es\/?s={search_term_string}"},"query-input":{"@type":"PropertyValueSpecification","valueRequired":true,"valueName":"search_term_string"}}],"inLanguage":"es"}]}},"_links":{"self":[{"href":"https:\/\/fxoroglobal.com\/es\/wp-json\/wp\/v2\/pages\/235","targetHints":{"allow":["GET"]}}],"collection":[{"href":"https:\/\/fxoroglobal.com\/es\/wp-json\/wp\/v2\/pages"}],"about":[{"href":"https:\/\/fxoroglobal.com\/es\/wp-json\/wp\/v2\/types\/page"}],"author":[{"embeddable":true,"href":"https:\/\/fxoroglobal.com\/es\/wp-json\/wp\/v2\/users\/1"}],"replies":[{"embeddable":true,"href":"https:\/\/fxoroglobal.com\/es\/wp-json\/wp\/v2\/comments?post=235"}],"version-history":[{"count":2,"href":"https:\/\/fxoroglobal.com\/es\/wp-json\/wp\/v2\/pages\/235\/revisions"}],"predecessor-version":[{"id":6786,"href":"https:\/\/fxoroglobal.com\/es\/wp-json\/wp\/v2\/pages\/235\/revisions\/6786"}],"wp:attachment":[{"href":"https:\/\/fxoroglobal.com\/es\/wp-json\/wp\/v2\/media?parent=235"}],"curies":[{"name":"wp","href":"https:\/\/api.w.org\/{rel}","templated":true}]}}