{"id":233,"date":"2024-11-25T10:16:30","date_gmt":"2024-11-25T10:16:30","guid":{"rendered":"https:\/\/thewallstreetfan.com\/?page_id=233"},"modified":"2025-05-22T13:55:53","modified_gmt":"2025-05-22T13:55:53","slug":"alpha-generation","status":"publish","type":"page","link":"https:\/\/fxoroglobal.com\/es\/alpha-generation\/","title":{"rendered":"ALPHA GENERATION:\u00a0|PROBABLEMENTE UNO DE LOS MEJORES AN\u00c1LISIS POSIBLES PARA ELABORAR SUS OPERACIONES"},"content":{"rendered":"\n<section>\n  <div class=\"normal-container\">\n    <div class=\"container row\">\n      <div class=\"xxl-box\">\n        <p class=\"mt-0\">Esta funci\u00f3n est\u00e1 equipada con <strong>tres indicadores innovadores dise\u00f1ados para reforzar el proceso de toma de decisiones mediante el conocimiento de la psicolog\u00eda del mercado<\/strong> y destacando los posibles puntos de entrada y salida. Estos indicadores se integran perfectamente con los gr\u00e1ficos familiares de Meta Trader MT4, mejorando a\u00fan m\u00e1s su experiencia de trading.<\/p>\n        <p>Este plug-in est\u00e1 disponible para los Traders de <span class=\"text-bold\">FXORO<\/span> Global Aseg\u00farese de discutirlo con un representante de <span class=\"text-bold\">FXORO<\/span> Global y utilizarlo en su actividad comercial.<\/p>\n        <p>Reg\u00edstrese en <span class=\"text-bold\">FXORO<\/span> Global hoy mismo o inicie sesi\u00f3n en su cuenta para acceder a este plug-in.<\/p>\n      <\/div>\n    <\/div>\n  <\/div>\n<\/section>\n\n<section>\n  <div class=\"normal-container py-0\">\n    <div class=\"container row\">\n      <div class=\"xxl-box\">\n        <div class=\"second-btn text-center\">\n            <a href=\"https:\/\/client.fxoroglobal.com\/#\/register\/\" target=\"_blank\" class=\"btn\">Registrarse<\/a>\n            <p>El trading es arriesgado.<\/p>\n        <\/div>\n      <\/div>\n    <\/div>\n  <\/div>\n<\/section>\n\n<section>\n  <div class=\"normal-container\">\n    <div class=\"container row\">\n      <div class=\"xxl-box\">\n      <p class=\"mt-0 text-italic\"><strong>Descargo de responsabilidad:<\/strong> Cualquier dato, caracter\u00edstica o rendimiento proporcionado aqu\u00ed tiene \u00fanicamente fines informativos y, bajo ninguna circunstancia, FXORO Global ofrece ni tiene la intenci\u00f3n de ofrecer asesoramiento en materia de inversiones y\/o trading, ni de alentar y\/o solicitar a clientes potenciales o existentes que utilicen y\/o se suscriban a cualquiera de los servicios\/caracter\u00edsticas aqu\u00ed descritos. El cliente es el \u00fanico responsable de su actividad de trading, incluida la elecci\u00f3n del instrumento financiero, del proveedor de se\u00f1ales y de la estrategia de trading. Los rendimientos pasados no son un indicador de resultados futuros.<\/p>\n      <\/div>\n    <\/div>\n  <\/div>\n<\/section>\n","protected":false},"excerpt":{"rendered":"<p>Esta funci\u00f3n est\u00e1 equipada con tres indicadores innovadores dise\u00f1ados para reforzar el proceso de toma de decisiones mediante el conocimiento de la psicolog\u00eda del mercado y destacando los posibles puntos de entrada y salida. Estos indicadores se integran perfectamente con los gr\u00e1ficos familiares de Meta Trader MT4, mejorando a\u00fan m\u00e1s su experiencia de trading. Este [&hellip;]<\/p>\n","protected":false},"author":1,"featured_media":0,"parent":0,"menu_order":0,"comment_status":"closed","ping_status":"closed","template":"page-templates\/AlphaGeneration.php","meta":{"_acf_changed":false,"footnotes":""},"class_list":["post-233","page","type-page","status-publish","hentry"],"acf":[],"yoast_head":"<!-- This site is optimized with the Yoast SEO plugin v25.4 - https:\/\/yoast.com\/wordpress\/plugins\/seo\/ -->\n<title>ALPHA GENERATION:\u00a0|PROBABLEMENTE UNO DE LOS MEJORES AN\u00c1LISIS POSIBLES PARA ELABORAR SUS OPERACIONES - FXoro Global ES<\/title>\n<meta name=\"robots\" content=\"index, follow, max-snippet:-1, max-image-preview:large, max-video-preview:-1\" \/>\n<link rel=\"canonical\" href=\"https:\/\/fxoroglobal.com\/es\/alpha-generation\/\" \/>\n<meta property=\"og:locale\" content=\"es_ES\" \/>\n<meta property=\"og:type\" content=\"article\" \/>\n<meta property=\"og:title\" content=\"ALPHA GENERATION:\u00a0|PROBABLEMENTE UNO DE LOS MEJORES AN\u00c1LISIS POSIBLES PARA ELABORAR SUS OPERACIONES - FXoro Global ES\" \/>\n<meta property=\"og:description\" content=\"Esta funci\u00f3n est\u00e1 equipada con tres indicadores innovadores dise\u00f1ados para reforzar el proceso de toma de decisiones mediante el conocimiento de la psicolog\u00eda del mercado y destacando los posibles puntos de entrada y salida. Estos indicadores se integran perfectamente con los gr\u00e1ficos familiares de Meta Trader MT4, mejorando a\u00fan m\u00e1s su experiencia de trading. Este [&hellip;]\" \/>\n<meta property=\"og:url\" content=\"https:\/\/fxoroglobal.com\/es\/alpha-generation\/\" \/>\n<meta property=\"og:site_name\" content=\"FXoro Global ES\" \/>\n<meta property=\"article:modified_time\" content=\"2025-05-22T13:55:53+00:00\" \/>\n<meta name=\"twitter:card\" content=\"summary_large_image\" \/>\n<meta name=\"twitter:label1\" content=\"Tiempo de lectura\" \/>\n\t<meta name=\"twitter:data1\" content=\"1 minuto\" \/>\n<script type=\"application\/ld+json\" class=\"yoast-schema-graph\">{\"@context\":\"https:\/\/schema.org\",\"@graph\":[{\"@type\":\"WebPage\",\"@id\":\"https:\/\/fxoroglobal.com\/es\/alpha-generation\/\",\"url\":\"https:\/\/fxoroglobal.com\/es\/alpha-generation\/\",\"name\":\"ALPHA GENERATION:\u00a0|PROBABLEMENTE UNO DE LOS MEJORES AN\u00c1LISIS POSIBLES PARA ELABORAR SUS OPERACIONES - FXoro Global ES\",\"isPartOf\":{\"@id\":\"https:\/\/fxoroglobal.com\/es\/#website\"},\"datePublished\":\"2024-11-25T10:16:30+00:00\",\"dateModified\":\"2025-05-22T13:55:53+00:00\",\"breadcrumb\":{\"@id\":\"https:\/\/fxoroglobal.com\/es\/alpha-generation\/#breadcrumb\"},\"inLanguage\":\"es\",\"potentialAction\":[{\"@type\":\"ReadAction\",\"target\":[\"https:\/\/fxoroglobal.com\/es\/alpha-generation\/\"]}]},{\"@type\":\"BreadcrumbList\",\"@id\":\"https:\/\/fxoroglobal.com\/es\/alpha-generation\/#breadcrumb\",\"itemListElement\":[{\"@type\":\"ListItem\",\"position\":1,\"name\":\"Home\",\"item\":\"https:\/\/fxoroglobal.com\/es\/\"},{\"@type\":\"ListItem\",\"position\":2,\"name\":\"ALPHA GENERATION:\u00a0PROBABLEMENTE UNO DE LOS MEJORES AN\u00c1LISIS POSIBLES PARA ELABORAR SUS OPERACIONES\"}]},{\"@type\":\"WebSite\",\"@id\":\"https:\/\/fxoroglobal.com\/es\/#website\",\"url\":\"https:\/\/fxoroglobal.com\/es\/\",\"name\":\"FXoro Global ES\",\"description\":\"\",\"potentialAction\":[{\"@type\":\"SearchAction\",\"target\":{\"@type\":\"EntryPoint\",\"urlTemplate\":\"https:\/\/fxoroglobal.com\/es\/?s={search_term_string}\"},\"query-input\":{\"@type\":\"PropertyValueSpecification\",\"valueRequired\":true,\"valueName\":\"search_term_string\"}}],\"inLanguage\":\"es\"}]}<\/script>\n<!-- \/ Yoast SEO plugin. -->","yoast_head_json":{"title":"ALPHA GENERATION:\u00a0|PROBABLEMENTE UNO DE LOS MEJORES AN\u00c1LISIS POSIBLES PARA ELABORAR SUS OPERACIONES - FXoro Global ES","robots":{"index":"index","follow":"follow","max-snippet":"max-snippet:-1","max-image-preview":"max-image-preview:large","max-video-preview":"max-video-preview:-1"},"canonical":"https:\/\/fxoroglobal.com\/es\/alpha-generation\/","og_locale":"es_ES","og_type":"article","og_title":"ALPHA GENERATION:\u00a0|PROBABLEMENTE UNO DE LOS MEJORES AN\u00c1LISIS POSIBLES PARA ELABORAR SUS OPERACIONES - FXoro Global ES","og_description":"Esta funci\u00f3n est\u00e1 equipada con tres indicadores innovadores dise\u00f1ados para reforzar el proceso de toma de decisiones mediante el conocimiento de la psicolog\u00eda del mercado y destacando los posibles puntos de entrada y salida. Estos indicadores se integran perfectamente con los gr\u00e1ficos familiares de Meta Trader MT4, mejorando a\u00fan m\u00e1s su experiencia de trading. Este [&hellip;]","og_url":"https:\/\/fxoroglobal.com\/es\/alpha-generation\/","og_site_name":"FXoro Global ES","article_modified_time":"2025-05-22T13:55:53+00:00","twitter_card":"summary_large_image","twitter_misc":{"Tiempo de lectura":"1 minuto"},"schema":{"@context":"https:\/\/schema.org","@graph":[{"@type":"WebPage","@id":"https:\/\/fxoroglobal.com\/es\/alpha-generation\/","url":"https:\/\/fxoroglobal.com\/es\/alpha-generation\/","name":"ALPHA GENERATION:\u00a0|PROBABLEMENTE UNO DE LOS MEJORES AN\u00c1LISIS POSIBLES PARA ELABORAR SUS OPERACIONES - FXoro Global ES","isPartOf":{"@id":"https:\/\/fxoroglobal.com\/es\/#website"},"datePublished":"2024-11-25T10:16:30+00:00","dateModified":"2025-05-22T13:55:53+00:00","breadcrumb":{"@id":"https:\/\/fxoroglobal.com\/es\/alpha-generation\/#breadcrumb"},"inLanguage":"es","potentialAction":[{"@type":"ReadAction","target":["https:\/\/fxoroglobal.com\/es\/alpha-generation\/"]}]},{"@type":"BreadcrumbList","@id":"https:\/\/fxoroglobal.com\/es\/alpha-generation\/#breadcrumb","itemListElement":[{"@type":"ListItem","position":1,"name":"Home","item":"https:\/\/fxoroglobal.com\/es\/"},{"@type":"ListItem","position":2,"name":"ALPHA GENERATION:\u00a0PROBABLEMENTE UNO DE LOS MEJORES AN\u00c1LISIS POSIBLES PARA ELABORAR SUS OPERACIONES"}]},{"@type":"WebSite","@id":"https:\/\/fxoroglobal.com\/es\/#website","url":"https:\/\/fxoroglobal.com\/es\/","name":"FXoro Global ES","description":"","potentialAction":[{"@type":"SearchAction","target":{"@type":"EntryPoint","urlTemplate":"https:\/\/fxoroglobal.com\/es\/?s={search_term_string}"},"query-input":{"@type":"PropertyValueSpecification","valueRequired":true,"valueName":"search_term_string"}}],"inLanguage":"es"}]}},"_links":{"self":[{"href":"https:\/\/fxoroglobal.com\/es\/wp-json\/wp\/v2\/pages\/233","targetHints":{"allow":["GET"]}}],"collection":[{"href":"https:\/\/fxoroglobal.com\/es\/wp-json\/wp\/v2\/pages"}],"about":[{"href":"https:\/\/fxoroglobal.com\/es\/wp-json\/wp\/v2\/types\/page"}],"author":[{"embeddable":true,"href":"https:\/\/fxoroglobal.com\/es\/wp-json\/wp\/v2\/users\/1"}],"replies":[{"embeddable":true,"href":"https:\/\/fxoroglobal.com\/es\/wp-json\/wp\/v2\/comments?post=233"}],"version-history":[{"count":2,"href":"https:\/\/fxoroglobal.com\/es\/wp-json\/wp\/v2\/pages\/233\/revisions"}],"predecessor-version":[{"id":6785,"href":"https:\/\/fxoroglobal.com\/es\/wp-json\/wp\/v2\/pages\/233\/revisions\/6785"}],"wp:attachment":[{"href":"https:\/\/fxoroglobal.com\/es\/wp-json\/wp\/v2\/media?parent=233"}],"curies":[{"name":"wp","href":"https:\/\/api.w.org\/{rel}","templated":true}]}}